{"id":3322,"date":"2023-11-05T18:18:23","date_gmt":"2023-11-05T17:18:23","guid":{"rendered":"https:\/\/lumino.ma\/?post_type=product&#038;p=3322"},"modified":"2026-02-17T10:36:49","modified_gmt":"2026-02-17T10:36:49","slug":"lustre-cristal-empire","status":"publish","type":"product","link":"https:\/\/lumino.ma\/ar\/lustre-cristal-empire\/","title":{"rendered":"Lustre cristal Empire"},"content":{"rendered":"","protected":false},"excerpt":{"rendered":"<h6>Lustre de luxe \u00e0 accrocher dans le salon, la salle \u00e0 manger, la chambre, ou la salle de r\u00e9ception. Il offre \u00e0 vos pi\u00e8ces une touche \u00e9l\u00e9gante et luxueuse.<\/h6>\n<h6><span class=\"Y2IQFc\" lang=\"fr\">Mat\u00e9riaux : chrome poli de haute qualit\u00e9, cristaux tremp\u00e9s Type de LED : bandes LED personnalisables Temp\u00e9rature de couleur : r\u00e9glable Taille : 16 pouces Dimensions : veuillez vous r\u00e9f\u00e9rer aux images du produit pour les dimensions d\u00e9taill\u00e9es Installation : Installation professionnelle recommand\u00e9e<\/span><\/h6>\n<h6>Ampoule : E14<\/h6>\n<h6>NB : L&#8217;ampoule n\u2019est pas incluse dans le produit.<\/h6>\n<h6>LA LIVRAISON EST GRATUITE PARTOUT AU MAROC<\/h6>\n<h6><\/h6>\n","protected":false},"featured_media":3300,"template":"","meta":{"_monsterinsights_skip_tracking":false,"_monsterinsights_sitenote_active":false,"_monsterinsights_sitenote_note":"","_monsterinsights_sitenote_category":0,"_joinchat":[]},"product_brand":[],"product_cat":[53,138],"product_tag":[],"class_list":{"0":"post-3322","1":"product","2":"type-product","3":"status-publish","4":"has-post-thumbnail","6":"product_cat-lustres","7":"product_cat-nouvelle-collection","9":"first","10":"instock","11":"sale","12":"shipping-taxable","13":"purchasable","14":"product-type-variable","15":"has-default-attributes"},"_links":{"self":[{"href":"https:\/\/lumino.ma\/ar\/wp-json\/wp\/v2\/product\/3322","targetHints":{"allow":["GET"]}}],"collection":[{"href":"https:\/\/lumino.ma\/ar\/wp-json\/wp\/v2\/product"}],"about":[{"href":"https:\/\/lumino.ma\/ar\/wp-json\/wp\/v2\/types\/product"}],"wp:featuredmedia":[{"embeddable":true,"href":"https:\/\/lumino.ma\/ar\/wp-json\/wp\/v2\/media\/3300"}],"wp:attachment":[{"href":"https:\/\/lumino.ma\/ar\/wp-json\/wp\/v2\/media?parent=3322"}],"wp:term":[{"taxonomy":"product_brand","embeddable":true,"href":"https:\/\/lumino.ma\/ar\/wp-json\/wp\/v2\/product_brand?post=3322"},{"taxonomy":"product_cat","embeddable":true,"href":"https:\/\/lumino.ma\/ar\/wp-json\/wp\/v2\/product_cat?post=3322"},{"taxonomy":"product_tag","embeddable":true,"href":"https:\/\/lumino.ma\/ar\/wp-json\/wp\/v2\/product_tag?post=3322"}],"curies":[{"name":"wp","href":"https:\/\/api.w.org\/{rel}","templated":true}]}}