{"id":3894,"date":"2023-11-25T22:36:02","date_gmt":"2023-11-25T21:36:02","guid":{"rendered":"https:\/\/lumino.ma\/?post_type=product&#038;p=3894"},"modified":"2026-02-16T17:59:33","modified_gmt":"2026-02-16T17:59:33","slug":"suspension-brass","status":"publish","type":"product","link":"https:\/\/lumino.ma\/ar\/suspension-brass\/","title":{"rendered":"Suspension Brass"},"content":{"rendered":"","protected":false},"excerpt":{"rendered":"<h6>Cet article g\u00e9n\u00e8re une intensit\u00e9 lumineuse et diffuse une lumi\u00e8re chaude et chaleureuse.<\/h6>\n<h6>Ampoule : E14<\/h6>\n<h6>NB : L&#8217;ampoule n\u2019est pas incluse dans le produit.<\/h6>\n<h6>LA LIVRAISON EST GRATUITE PARTOUT AU MAROC<\/h6>\n","protected":false},"featured_media":3897,"template":"","meta":{"_monsterinsights_skip_tracking":false,"_monsterinsights_sitenote_active":false,"_monsterinsights_sitenote_note":"","_monsterinsights_sitenote_category":0,"_joinchat":[]},"product_brand":[],"product_cat":[53,138],"product_tag":[],"class_list":{"0":"post-3894","1":"product","2":"type-product","3":"status-publish","4":"has-post-thumbnail","6":"product_cat-lustres","7":"product_cat-nouvelle-collection","9":"first","10":"instock","11":"sale","12":"shipping-taxable","13":"purchasable","14":"product-type-variable"},"_links":{"self":[{"href":"https:\/\/lumino.ma\/ar\/wp-json\/wp\/v2\/product\/3894","targetHints":{"allow":["GET"]}}],"collection":[{"href":"https:\/\/lumino.ma\/ar\/wp-json\/wp\/v2\/product"}],"about":[{"href":"https:\/\/lumino.ma\/ar\/wp-json\/wp\/v2\/types\/product"}],"wp:featuredmedia":[{"embeddable":true,"href":"https:\/\/lumino.ma\/ar\/wp-json\/wp\/v2\/media\/3897"}],"wp:attachment":[{"href":"https:\/\/lumino.ma\/ar\/wp-json\/wp\/v2\/media?parent=3894"}],"wp:term":[{"taxonomy":"product_brand","embeddable":true,"href":"https:\/\/lumino.ma\/ar\/wp-json\/wp\/v2\/product_brand?post=3894"},{"taxonomy":"product_cat","embeddable":true,"href":"https:\/\/lumino.ma\/ar\/wp-json\/wp\/v2\/product_cat?post=3894"},{"taxonomy":"product_tag","embeddable":true,"href":"https:\/\/lumino.ma\/ar\/wp-json\/wp\/v2\/product_tag?post=3894"}],"curies":[{"name":"wp","href":"https:\/\/api.w.org\/{rel}","templated":true}]}}