{"id":4548,"date":"2023-12-11T21:41:15","date_gmt":"2023-12-11T20:41:15","guid":{"rendered":"https:\/\/lumino.ma\/?post_type=product&#038;p=4548"},"modified":"2024-11-10T11:46:57","modified_gmt":"2024-11-10T10:46:57","slug":"suspension-ronde-s","status":"publish","type":"product","link":"https:\/\/lumino.ma\/ar\/suspension-ronde-s\/","title":{"rendered":"Suspension ronde S"},"content":{"rendered":"","protected":false},"excerpt":{"rendered":"<h6>Cet article g\u00e9n\u00e8re une intensit\u00e9 lumineuse et diffuse une lumi\u00e8re chaude et chaleureuse.<\/h6>\n<h6>Ampoule : E27<\/h6>\n<h6>NB : L&#8217;ampoule n\u2019est pas incluse dans le produit.<\/h6>\n<h6>LA LIVRAISON EST GRATUITE PARTOUT AU MAROC<\/h6>\n","protected":false},"featured_media":5178,"template":"","meta":{"_monsterinsights_skip_tracking":false,"_monsterinsights_sitenote_active":false,"_monsterinsights_sitenote_note":"","_monsterinsights_sitenote_category":0,"_joinchat":[]},"product_brand":[],"product_cat":[138,38],"product_tag":[],"class_list":{"0":"post-4548","1":"product","2":"type-product","3":"status-publish","4":"has-post-thumbnail","6":"product_cat-nouvelle-collection","7":"product_cat-suspensions-luminaires","9":"first","10":"instock","11":"sale","12":"shipping-taxable","13":"purchasable","14":"product-type-variable","15":"has-default-attributes"},"_links":{"self":[{"href":"https:\/\/lumino.ma\/ar\/wp-json\/wp\/v2\/product\/4548","targetHints":{"allow":["GET"]}}],"collection":[{"href":"https:\/\/lumino.ma\/ar\/wp-json\/wp\/v2\/product"}],"about":[{"href":"https:\/\/lumino.ma\/ar\/wp-json\/wp\/v2\/types\/product"}],"wp:featuredmedia":[{"embeddable":true,"href":"https:\/\/lumino.ma\/ar\/wp-json\/wp\/v2\/media\/5178"}],"wp:attachment":[{"href":"https:\/\/lumino.ma\/ar\/wp-json\/wp\/v2\/media?parent=4548"}],"wp:term":[{"taxonomy":"product_brand","embeddable":true,"href":"https:\/\/lumino.ma\/ar\/wp-json\/wp\/v2\/product_brand?post=4548"},{"taxonomy":"product_cat","embeddable":true,"href":"https:\/\/lumino.ma\/ar\/wp-json\/wp\/v2\/product_cat?post=4548"},{"taxonomy":"product_tag","embeddable":true,"href":"https:\/\/lumino.ma\/ar\/wp-json\/wp\/v2\/product_tag?post=4548"}],"curies":[{"name":"wp","href":"https:\/\/api.w.org\/{rel}","templated":true}]}}