{"id":5212,"date":"2024-01-13T23:16:05","date_gmt":"2024-01-13T22:16:05","guid":{"rendered":"https:\/\/lumino.ma\/?post_type=product&#038;p=5212"},"modified":"2024-11-10T12:03:32","modified_gmt":"2024-11-10T11:03:32","slug":"applique-plume","status":"publish","type":"product","link":"https:\/\/lumino.ma\/ar\/applique-plume\/","title":{"rendered":"Applique Plume"},"content":{"rendered":"","protected":false},"excerpt":{"rendered":"<h5 id=\"tw-target-text\" class=\"tw-data-text tw-text-large tw-ta\" dir=\"ltr\" data-placeholder=\"Translation\" data-ved=\"2ahUKEwiXl87YpduDAxVdVqQEHeu0CKMQ3ewLegQIBRAQ\"><span class=\"Y2IQFc\" lang=\"fr\">PLUME est une applique murale moderne \u00e0 LED en plumes , Applique murale \u00e0 intensit\u00e9 variable avec plumes blanches , Applique murale de luxe dor\u00e9e pour chambre \u00e0 coucher, salle \u00e0 manger, salon, couloir&#8230;<\/span><\/h5>\n<h5>Dimensions : H 81 cm x L 15 cm<\/h5>\n","protected":false},"featured_media":5221,"template":"","meta":{"_monsterinsights_skip_tracking":false,"_monsterinsights_sitenote_active":false,"_monsterinsights_sitenote_note":"","_monsterinsights_sitenote_category":0,"_joinchat":[]},"product_brand":[],"product_cat":[50,138],"product_tag":[],"class_list":{"0":"post-5212","1":"product","2":"type-product","3":"status-publish","4":"has-post-thumbnail","6":"product_cat-appliques-murales","7":"product_cat-nouvelle-collection","9":"first","10":"instock","11":"sale","12":"shipping-taxable","13":"purchasable","14":"product-type-simple"},"_links":{"self":[{"href":"https:\/\/lumino.ma\/ar\/wp-json\/wp\/v2\/product\/5212","targetHints":{"allow":["GET"]}}],"collection":[{"href":"https:\/\/lumino.ma\/ar\/wp-json\/wp\/v2\/product"}],"about":[{"href":"https:\/\/lumino.ma\/ar\/wp-json\/wp\/v2\/types\/product"}],"wp:featuredmedia":[{"embeddable":true,"href":"https:\/\/lumino.ma\/ar\/wp-json\/wp\/v2\/media\/5221"}],"wp:attachment":[{"href":"https:\/\/lumino.ma\/ar\/wp-json\/wp\/v2\/media?parent=5212"}],"wp:term":[{"taxonomy":"product_brand","embeddable":true,"href":"https:\/\/lumino.ma\/ar\/wp-json\/wp\/v2\/product_brand?post=5212"},{"taxonomy":"product_cat","embeddable":true,"href":"https:\/\/lumino.ma\/ar\/wp-json\/wp\/v2\/product_cat?post=5212"},{"taxonomy":"product_tag","embeddable":true,"href":"https:\/\/lumino.ma\/ar\/wp-json\/wp\/v2\/product_tag?post=5212"}],"curies":[{"name":"wp","href":"https:\/\/api.w.org\/{rel}","templated":true}]}}