{"id":5295,"date":"2024-01-15T21:35:07","date_gmt":"2024-01-15T20:35:07","guid":{"rendered":"https:\/\/lumino.ma\/?post_type=product&#038;p=5295"},"modified":"2024-01-30T22:19:27","modified_gmt":"2024-01-30T21:19:27","slug":"applique-carreaux","status":"publish","type":"product","link":"https:\/\/lumino.ma\/ar\/applique-carreaux\/","title":{"rendered":"Applique Carreaux"},"content":{"rendered":"","protected":false},"excerpt":{"rendered":"<h5 class=\"tw-data-text tw-text-large tw-ta\" dir=\"ltr\" data-placeholder=\"Translation\" data-ved=\"2ahUKEwiwkMuemuCDAxVFYPEDHRIEAYgQ3ewLegQIBRAQ\"><span class=\"Y2IQFc\" lang=\"fr\">Applique <\/span><span class=\"Y2IQFc\" lang=\"fr\">murale\u00a0<\/span><span class=\"Y2IQFc\" lang=\"fr\">Carreaux <\/span><span class=\"Y2IQFc\" lang=\"fr\">\u00a0LED disponible en\u00a0 6W (3 carreaux) et 7W (4 carreaux) et en couleur jaune 3000K et couleur RGB pour d\u00e9coration int\u00e9rieure et ext\u00e9rieure.<\/span><\/h5>\n","protected":false},"featured_media":5301,"template":"","meta":{"_monsterinsights_skip_tracking":false,"_monsterinsights_sitenote_active":false,"_monsterinsights_sitenote_note":"","_monsterinsights_sitenote_category":0,"_joinchat":[]},"product_brand":[],"product_cat":[50,138],"product_tag":[],"class_list":{"0":"post-5295","1":"product","2":"type-product","3":"status-publish","4":"has-post-thumbnail","6":"product_cat-appliques-murales","7":"product_cat-nouvelle-collection","9":"first","10":"instock","11":"sale","12":"shipping-taxable","13":"purchasable","14":"product-type-variable","15":"has-default-attributes"},"_links":{"self":[{"href":"https:\/\/lumino.ma\/ar\/wp-json\/wp\/v2\/product\/5295","targetHints":{"allow":["GET"]}}],"collection":[{"href":"https:\/\/lumino.ma\/ar\/wp-json\/wp\/v2\/product"}],"about":[{"href":"https:\/\/lumino.ma\/ar\/wp-json\/wp\/v2\/types\/product"}],"wp:featuredmedia":[{"embeddable":true,"href":"https:\/\/lumino.ma\/ar\/wp-json\/wp\/v2\/media\/5301"}],"wp:attachment":[{"href":"https:\/\/lumino.ma\/ar\/wp-json\/wp\/v2\/media?parent=5295"}],"wp:term":[{"taxonomy":"product_brand","embeddable":true,"href":"https:\/\/lumino.ma\/ar\/wp-json\/wp\/v2\/product_brand?post=5295"},{"taxonomy":"product_cat","embeddable":true,"href":"https:\/\/lumino.ma\/ar\/wp-json\/wp\/v2\/product_cat?post=5295"},{"taxonomy":"product_tag","embeddable":true,"href":"https:\/\/lumino.ma\/ar\/wp-json\/wp\/v2\/product_tag?post=5295"}],"curies":[{"name":"wp","href":"https:\/\/api.w.org\/{rel}","templated":true}]}}