{"id":5329,"date":"2024-01-16T19:06:31","date_gmt":"2024-01-16T18:06:31","guid":{"rendered":"https:\/\/lumino.ma\/?post_type=product&#038;p=5329"},"modified":"2025-12-20T21:39:05","modified_gmt":"2025-12-20T20:39:05","slug":"applique-murale-cool-6-led","status":"publish","type":"product","link":"https:\/\/lumino.ma\/ar\/applique-murale-cool-6-led\/","title":{"rendered":"Applique murale Cool 6 LED"},"content":{"rendered":"","protected":false},"excerpt":{"rendered":"<h5>L&#8217;applique murale Cool 6 LED a un style lumineux qui donne envie de changer la lumi\u00e8re \u00e0 tous les \u00e9tages !\u00a0\u00a0Cette applique g\u00e9n\u00e8re une intensit\u00e9 lumineuse en deux versions de couleurs : Blanche chaude (WW) et Jaune (RGB), toutes avec 6W. \u00a0Le produit est fournit avec ampoule LED inclus. cette applique est \u00e9tanche et r\u00e9siste \u00e0 l&#8217;eau soit \u00e0 l&#8217;ext\u00e9rieur que l&#8217;int\u00e9rieur.<\/h5>\n","protected":false},"featured_media":5335,"template":"","meta":{"_monsterinsights_skip_tracking":false,"_monsterinsights_sitenote_active":false,"_monsterinsights_sitenote_note":"","_monsterinsights_sitenote_category":0,"_joinchat":[]},"product_brand":[],"product_cat":[50,138],"product_tag":[],"class_list":{"0":"post-5329","1":"product","2":"type-product","3":"status-publish","4":"has-post-thumbnail","6":"product_cat-appliques-murales","7":"product_cat-nouvelle-collection","9":"first","10":"instock","11":"sale","12":"shipping-taxable","13":"purchasable","14":"product-type-variable","15":"has-default-attributes"},"_links":{"self":[{"href":"https:\/\/lumino.ma\/ar\/wp-json\/wp\/v2\/product\/5329","targetHints":{"allow":["GET"]}}],"collection":[{"href":"https:\/\/lumino.ma\/ar\/wp-json\/wp\/v2\/product"}],"about":[{"href":"https:\/\/lumino.ma\/ar\/wp-json\/wp\/v2\/types\/product"}],"wp:featuredmedia":[{"embeddable":true,"href":"https:\/\/lumino.ma\/ar\/wp-json\/wp\/v2\/media\/5335"}],"wp:attachment":[{"href":"https:\/\/lumino.ma\/ar\/wp-json\/wp\/v2\/media?parent=5329"}],"wp:term":[{"taxonomy":"product_brand","embeddable":true,"href":"https:\/\/lumino.ma\/ar\/wp-json\/wp\/v2\/product_brand?post=5329"},{"taxonomy":"product_cat","embeddable":true,"href":"https:\/\/lumino.ma\/ar\/wp-json\/wp\/v2\/product_cat?post=5329"},{"taxonomy":"product_tag","embeddable":true,"href":"https:\/\/lumino.ma\/ar\/wp-json\/wp\/v2\/product_tag?post=5329"}],"curies":[{"name":"wp","href":"https:\/\/api.w.org\/{rel}","templated":true}]}}