{"id":5350,"date":"2024-01-16T21:53:22","date_gmt":"2024-01-16T20:53:22","guid":{"rendered":"https:\/\/lumino.ma\/?post_type=product&#038;p=5350"},"modified":"2024-01-30T20:24:04","modified_gmt":"2024-01-30T19:24:04","slug":"applique-murale-fig-led","status":"publish","type":"product","link":"https:\/\/lumino.ma\/ar\/applique-murale-fig-led\/","title":{"rendered":"Applique murale FIG LED"},"content":{"rendered":"","protected":false},"excerpt":{"rendered":"<h5 class=\"tw-data-text tw-text-large tw-ta\" dir=\"ltr\" data-placeholder=\"Translation\" data-ved=\"2ahUKEwi0kcakyOKDAxW9TqQEHY6KBi8Q3ewLegQIBRAQ\"><span class=\"Y2IQFc\" lang=\"fr\">Applique murale FIG LED a un design fantaisie, en <\/span><span class=\"Y2IQFc\" lang=\"fr\">aluminium,\u00a0<\/span><span class=\"Y2IQFc\" lang=\"fr\">dor\u00e9 et noir, 5 watts, lampe murale moderne \u00e0 LED \u00e9tanche, lumineuse et <\/span><span class=\"Y2IQFc\" lang=\"fr\">d\u00e9corative <\/span><span class=\"Y2IQFc\" lang=\"fr\">pour jardin.<\/span><\/h5>\n","protected":false},"featured_media":5354,"template":"","meta":{"_monsterinsights_skip_tracking":false,"_monsterinsights_sitenote_active":false,"_monsterinsights_sitenote_note":"","_monsterinsights_sitenote_category":0,"_joinchat":[]},"product_brand":[],"product_cat":[50,138],"product_tag":[],"class_list":{"0":"post-5350","1":"product","2":"type-product","3":"status-publish","4":"has-post-thumbnail","6":"product_cat-appliques-murales","7":"product_cat-nouvelle-collection","9":"first","10":"instock","11":"sale","12":"shipping-taxable","13":"purchasable","14":"product-type-variable","15":"has-default-attributes"},"_links":{"self":[{"href":"https:\/\/lumino.ma\/ar\/wp-json\/wp\/v2\/product\/5350","targetHints":{"allow":["GET"]}}],"collection":[{"href":"https:\/\/lumino.ma\/ar\/wp-json\/wp\/v2\/product"}],"about":[{"href":"https:\/\/lumino.ma\/ar\/wp-json\/wp\/v2\/types\/product"}],"wp:featuredmedia":[{"embeddable":true,"href":"https:\/\/lumino.ma\/ar\/wp-json\/wp\/v2\/media\/5354"}],"wp:attachment":[{"href":"https:\/\/lumino.ma\/ar\/wp-json\/wp\/v2\/media?parent=5350"}],"wp:term":[{"taxonomy":"product_brand","embeddable":true,"href":"https:\/\/lumino.ma\/ar\/wp-json\/wp\/v2\/product_brand?post=5350"},{"taxonomy":"product_cat","embeddable":true,"href":"https:\/\/lumino.ma\/ar\/wp-json\/wp\/v2\/product_cat?post=5350"},{"taxonomy":"product_tag","embeddable":true,"href":"https:\/\/lumino.ma\/ar\/wp-json\/wp\/v2\/product_tag?post=5350"}],"curies":[{"name":"wp","href":"https:\/\/api.w.org\/{rel}","templated":true}]}}