{"id":5547,"date":"2024-02-10T10:49:45","date_gmt":"2024-02-10T09:49:45","guid":{"rendered":"https:\/\/lumino.ma\/?post_type=product&#038;p=5547"},"modified":"2026-02-16T17:52:07","modified_gmt":"2026-02-16T17:52:07","slug":"suspension-lustre-kami-c","status":"publish","type":"product","link":"https:\/\/lumino.ma\/ar\/suspension-lustre-kami-c\/","title":{"rendered":"Suspension Lustre Kami"},"content":{"rendered":"","protected":false},"excerpt":{"rendered":"<h5 id=\"tw-target-text\" class=\"tw-data-text tw-text-large tw-ta\" dir=\"ltr\" data-placeholder=\"Translation\" data-ved=\"2ahUKEwi0kcakyOKDAxW9TqQEHY6KBi8Q3ewLegQIBRAQ\"><span class=\"Y2IQFc\" lang=\"fr\">Lustre Kami est un Lustre en cristal moderne dor\u00e9 est con\u00e7u avec 3 niveaux de cristaux de cristal K9 Grid, cet ajout en plus d&#8217;\u00e9l\u00e9ments de luxe \u00e0 votre d\u00e9coration int\u00e9rieure et un effet plus luxueux pour <\/span><span class=\"Y2IQFc\" lang=\"fr\">\u00a0salle \u00e0 manger, salon, chambre&#8230;<\/span><\/h5>\n","protected":false},"featured_media":5360,"template":"","meta":{"_monsterinsights_skip_tracking":false,"_monsterinsights_sitenote_active":false,"_monsterinsights_sitenote_note":"","_monsterinsights_sitenote_category":0,"_joinchat":[]},"product_brand":[],"product_cat":[53,138],"product_tag":[],"class_list":{"0":"post-5547","1":"product","2":"type-product","3":"status-publish","4":"has-post-thumbnail","6":"product_cat-lustres","7":"product_cat-nouvelle-collection","9":"first","10":"instock","11":"sale","12":"shipping-taxable","13":"purchasable","14":"product-type-variable"},"_links":{"self":[{"href":"https:\/\/lumino.ma\/ar\/wp-json\/wp\/v2\/product\/5547","targetHints":{"allow":["GET"]}}],"collection":[{"href":"https:\/\/lumino.ma\/ar\/wp-json\/wp\/v2\/product"}],"about":[{"href":"https:\/\/lumino.ma\/ar\/wp-json\/wp\/v2\/types\/product"}],"wp:featuredmedia":[{"embeddable":true,"href":"https:\/\/lumino.ma\/ar\/wp-json\/wp\/v2\/media\/5360"}],"wp:attachment":[{"href":"https:\/\/lumino.ma\/ar\/wp-json\/wp\/v2\/media?parent=5547"}],"wp:term":[{"taxonomy":"product_brand","embeddable":true,"href":"https:\/\/lumino.ma\/ar\/wp-json\/wp\/v2\/product_brand?post=5547"},{"taxonomy":"product_cat","embeddable":true,"href":"https:\/\/lumino.ma\/ar\/wp-json\/wp\/v2\/product_cat?post=5547"},{"taxonomy":"product_tag","embeddable":true,"href":"https:\/\/lumino.ma\/ar\/wp-json\/wp\/v2\/product_tag?post=5547"}],"curies":[{"name":"wp","href":"https:\/\/api.w.org\/{rel}","templated":true}]}}