{"id":5942,"date":"2024-05-19T13:14:09","date_gmt":"2024-05-19T12:14:09","guid":{"rendered":"https:\/\/lumino.ma\/?post_type=product&#038;p=5942"},"modified":"2024-12-07T11:47:35","modified_gmt":"2024-12-07T10:47:35","slug":"lampe-de-table-chaboniz","status":"publish","type":"product","link":"https:\/\/lumino.ma\/ar\/lampe-de-table-chaboniz\/","title":{"rendered":"Lampe de table Chaboniz"},"content":{"rendered":"","protected":false},"excerpt":{"rendered":"<p>Type d&#8217;article\u00a0: rechargeable Lampe de table sans fil<br \/>\nMat\u00e9riel\u00a0: Fer, Acrylique<br \/>\nTaille du produit\u00a0: Diam\u00e8tre de la base\u00a0: env. 92 mm \/ 3,6 pouces, hauteur : env. 213 mm \/ 8,4 pouces<br \/>\nBatterie int\u00e9gr\u00e9e\u00a0: batterie au lithium 18650 1800 mAh (incluse)<br \/>\nSource de lumi\u00e8re\u00a0: lumi\u00e8re chaude, lumi\u00e8re blanche, lumi\u00e8re neutre<br \/>\nPuissance\u00a0: 3\u00a0W<br \/>\nProcessus\u00a0: Galvanoplastie bross\u00e9<br \/>\nContr\u00f4le\u00a0:\u00a0interrupteur inf\u00e9rieur, contr\u00f4le tactile sup\u00e9rieur<br \/>\nPoids brut\u00a0: 365\u00a0g\/12,9\u00a0oz<\/p>\n","protected":false},"featured_media":5943,"template":"","meta":{"_monsterinsights_skip_tracking":false,"_monsterinsights_sitenote_active":false,"_monsterinsights_sitenote_note":"","_monsterinsights_sitenote_category":0,"_joinchat":[]},"product_brand":[],"product_cat":[171,40],"product_tag":[],"class_list":{"0":"post-5942","1":"product","2":"type-product","3":"status-publish","4":"has-post-thumbnail","6":"product_cat-lampe-led-de-table","7":"product_cat-promo","9":"first","10":"instock","11":"sale","12":"shipping-taxable","13":"purchasable","14":"product-type-simple"},"_links":{"self":[{"href":"https:\/\/lumino.ma\/ar\/wp-json\/wp\/v2\/product\/5942","targetHints":{"allow":["GET"]}}],"collection":[{"href":"https:\/\/lumino.ma\/ar\/wp-json\/wp\/v2\/product"}],"about":[{"href":"https:\/\/lumino.ma\/ar\/wp-json\/wp\/v2\/types\/product"}],"wp:featuredmedia":[{"embeddable":true,"href":"https:\/\/lumino.ma\/ar\/wp-json\/wp\/v2\/media\/5943"}],"wp:attachment":[{"href":"https:\/\/lumino.ma\/ar\/wp-json\/wp\/v2\/media?parent=5942"}],"wp:term":[{"taxonomy":"product_brand","embeddable":true,"href":"https:\/\/lumino.ma\/ar\/wp-json\/wp\/v2\/product_brand?post=5942"},{"taxonomy":"product_cat","embeddable":true,"href":"https:\/\/lumino.ma\/ar\/wp-json\/wp\/v2\/product_cat?post=5942"},{"taxonomy":"product_tag","embeddable":true,"href":"https:\/\/lumino.ma\/ar\/wp-json\/wp\/v2\/product_tag?post=5942"}],"curies":[{"name":"wp","href":"https:\/\/api.w.org\/{rel}","templated":true}]}}