{"id":6064,"date":"2024-05-19T22:05:27","date_gmt":"2024-05-19T21:05:27","guid":{"rendered":"https:\/\/lumino.ma\/?post_type=product&#038;p=6064"},"modified":"2025-07-23T22:54:54","modified_gmt":"2025-07-23T21:54:54","slug":"suspension-luminaire-led-vaniliw","status":"publish","type":"product","link":"https:\/\/lumino.ma\/ar\/suspension-luminaire-led-vaniliw\/","title":{"rendered":"Suspension Luminaire LED Vaniliw"},"content":{"rendered":"<h3 data-start=\"269\" data-end=\"347\"><strong data-start=\"273\" data-end=\"347\">Suspension Luminaire LED Vaniliw \u2013 Design raffin\u00e9 et lumi\u00e8re apaisante<\/strong><\/h3>\n<p data-start=\"349\" data-end=\"707\">Apportez une ambiance chaleureuse et contemporaine \u00e0 votre int\u00e9rieur avec la <strong data-start=\"426\" data-end=\"462\">Suspension Luminaire LED Vaniliw<\/strong>. Son design \u00e9l\u00e9gant et minimaliste en fait un choix id\u00e9al pour les salons modernes, les salles \u00e0 manger conviviales ou les chambres \u00e9pur\u00e9es. Gr\u00e2ce \u00e0 sa technologie LED int\u00e9gr\u00e9e, Vaniliw offre un \u00e9clairage \u00e0 la fois doux, puissant et \u00e9conomique.<\/p>\n<h4 data-start=\"709\" data-end=\"748\"><strong data-start=\"714\" data-end=\"748\">Caract\u00e9ristiques principales :<\/strong><\/h4>\n<ul data-start=\"749\" data-end=\"1119\">\n<li data-start=\"749\" data-end=\"835\">\n<p data-start=\"751\" data-end=\"835\">\ud83d\udca1 <strong data-start=\"754\" data-end=\"779\">\u00c9clairage LED int\u00e9gr\u00e9<\/strong> : Faible consommation d\u2019\u00e9nergie et longue dur\u00e9e de vie.<\/p>\n<\/li>\n<li data-start=\"836\" data-end=\"906\">\n<p data-start=\"838\" data-end=\"906\">\ud83c\udfa8 <strong data-start=\"841\" data-end=\"857\">Design \u00e9pur\u00e9<\/strong> : Finition soign\u00e9e pour une touche de modernit\u00e9.<\/p>\n<\/li>\n<li data-start=\"907\" data-end=\"979\">\n<p data-start=\"909\" data-end=\"979\">\ud83d\udccf <strong data-start=\"912\" data-end=\"937\">Dimensions ajustables<\/strong> : S\u2019adapte \u00e0 la hauteur de votre plafond.<\/p>\n<\/li>\n<li data-start=\"1034\" data-end=\"1119\">\n<p data-start=\"1036\" data-end=\"1119\">\ud83c\udfe0 <strong data-start=\"1039\" data-end=\"1083\">Parfait pour tous les styles d\u2019int\u00e9rieur<\/strong> : Scandinave, moderne, minimaliste.<\/p>\n<\/li>\n<\/ul>\n","protected":false},"excerpt":{"rendered":"<p data-start=\"1121\" data-end=\"1168\"><strong data-start=\"1126\" data-end=\"1168\">Avantages de la\u00a0<\/strong><strong data-start=\"273\" data-end=\"347\">Suspension Luminaire LED Vaniliw<\/strong><strong data-start=\"1126\" data-end=\"1168\">\u00a0:<\/strong><\/p>\n<ul data-start=\"1169\" data-end=\"1364\">\n<li data-start=\"1169\" data-end=\"1228\">\n<p data-start=\"1171\" data-end=\"1228\">S\u2019adapte aux appartements et maisons modernes marocaines.<\/p>\n<\/li>\n<li data-start=\"1229\" data-end=\"1293\">\n<p data-start=\"1231\" data-end=\"1293\">Convient aux plafonds hauts ou bas gr\u00e2ce \u00e0 son c\u00e2ble r\u00e9glable.<\/p>\n<\/li>\n<li data-start=\"1294\" data-end=\"1364\">\n<p data-start=\"1296\" data-end=\"1364\">\u00c9clairage stable, sans scintillement, id\u00e9al pour les espaces de vie.<\/p>\n<\/li>\n<\/ul>\n","protected":false},"featured_media":7037,"template":"","meta":{"_monsterinsights_skip_tracking":false,"_monsterinsights_sitenote_active":false,"_monsterinsights_sitenote_note":"","_monsterinsights_sitenote_category":0,"_joinchat":[]},"product_brand":[],"product_cat":[138,40,38],"product_tag":[],"class_list":{"0":"post-6064","1":"product","2":"type-product","3":"status-publish","4":"has-post-thumbnail","6":"product_cat-nouvelle-collection","7":"product_cat-promo","8":"product_cat-suspensions-luminaires","10":"first","11":"instock","12":"sale","13":"shipping-taxable","14":"purchasable","15":"product-type-simple"},"_links":{"self":[{"href":"https:\/\/lumino.ma\/ar\/wp-json\/wp\/v2\/product\/6064","targetHints":{"allow":["GET"]}}],"collection":[{"href":"https:\/\/lumino.ma\/ar\/wp-json\/wp\/v2\/product"}],"about":[{"href":"https:\/\/lumino.ma\/ar\/wp-json\/wp\/v2\/types\/product"}],"wp:featuredmedia":[{"embeddable":true,"href":"https:\/\/lumino.ma\/ar\/wp-json\/wp\/v2\/media\/7037"}],"wp:attachment":[{"href":"https:\/\/lumino.ma\/ar\/wp-json\/wp\/v2\/media?parent=6064"}],"wp:term":[{"taxonomy":"product_brand","embeddable":true,"href":"https:\/\/lumino.ma\/ar\/wp-json\/wp\/v2\/product_brand?post=6064"},{"taxonomy":"product_cat","embeddable":true,"href":"https:\/\/lumino.ma\/ar\/wp-json\/wp\/v2\/product_cat?post=6064"},{"taxonomy":"product_tag","embeddable":true,"href":"https:\/\/lumino.ma\/ar\/wp-json\/wp\/v2\/product_tag?post=6064"}],"curies":[{"name":"wp","href":"https:\/\/api.w.org\/{rel}","templated":true}]}}