{"id":6100,"date":"2024-05-19T23:52:22","date_gmt":"2024-05-19T22:52:22","guid":{"rendered":"https:\/\/lumino.ma\/?post_type=product&#038;p=6100"},"modified":"2025-12-20T21:35:12","modified_gmt":"2025-12-20T20:35:12","slug":"suspension-sarag","status":"publish","type":"product","link":"https:\/\/lumino.ma\/ar\/suspension-sarag\/","title":{"rendered":"Suspension Sarag"},"content":{"rendered":"","protected":false},"excerpt":{"rendered":"<p>Cette nouvelle suspension Silvia arrive sur le site\u00a0 avec un style lumineux qui va vous donner envie de changer la lumi\u00e8re \u00e0 tous les \u00e9tages !\u00a0\u00a0Cette suspension g\u00e9n\u00e8re une intensit\u00e9 lumineuse de 800 lumens.<\/p>\n","protected":false},"featured_media":6105,"template":"","meta":{"_monsterinsights_skip_tracking":false,"_monsterinsights_sitenote_active":false,"_monsterinsights_sitenote_note":"","_monsterinsights_sitenote_category":0,"_joinchat":[]},"product_brand":[],"product_cat":[138,40,38],"product_tag":[],"class_list":{"0":"post-6100","1":"product","2":"type-product","3":"status-publish","4":"has-post-thumbnail","6":"product_cat-nouvelle-collection","7":"product_cat-promo","8":"product_cat-suspensions-luminaires","10":"first","11":"instock","12":"sale","13":"shipping-taxable","14":"purchasable","15":"product-type-simple"},"_links":{"self":[{"href":"https:\/\/lumino.ma\/ar\/wp-json\/wp\/v2\/product\/6100","targetHints":{"allow":["GET"]}}],"collection":[{"href":"https:\/\/lumino.ma\/ar\/wp-json\/wp\/v2\/product"}],"about":[{"href":"https:\/\/lumino.ma\/ar\/wp-json\/wp\/v2\/types\/product"}],"wp:featuredmedia":[{"embeddable":true,"href":"https:\/\/lumino.ma\/ar\/wp-json\/wp\/v2\/media\/6105"}],"wp:attachment":[{"href":"https:\/\/lumino.ma\/ar\/wp-json\/wp\/v2\/media?parent=6100"}],"wp:term":[{"taxonomy":"product_brand","embeddable":true,"href":"https:\/\/lumino.ma\/ar\/wp-json\/wp\/v2\/product_brand?post=6100"},{"taxonomy":"product_cat","embeddable":true,"href":"https:\/\/lumino.ma\/ar\/wp-json\/wp\/v2\/product_cat?post=6100"},{"taxonomy":"product_tag","embeddable":true,"href":"https:\/\/lumino.ma\/ar\/wp-json\/wp\/v2\/product_tag?post=6100"}],"curies":[{"name":"wp","href":"https:\/\/api.w.org\/{rel}","templated":true}]}}