{"id":6135,"date":"2024-05-23T21:17:09","date_gmt":"2024-05-23T20:17:09","guid":{"rendered":"https:\/\/lumino.ma\/?post_type=product&#038;p=6135"},"modified":"2025-12-20T21:35:00","modified_gmt":"2025-12-20T20:35:00","slug":"applique-murale-limniw","status":"publish","type":"product","link":"https:\/\/lumino.ma\/ar\/applique-murale-limniw\/","title":{"rendered":"Applique murale Limniw"},"content":{"rendered":"","protected":false},"excerpt":{"rendered":"<p>L&#8217;applique murale\u00a0 Leo a un style lumineux qui va vous donner envie de changer la lumi\u00e8re \u00e0 tous les \u00e9tages !\u00a0\u00a0Cette applique g\u00e9n\u00e8re une intensit\u00e9 lumineuse de 800 lumens et diffuse une lumi\u00e8re de couleur blanc chaud chaleureuse de 3000. Le produit est fournit sans ampoule.<\/p>\n","protected":false},"featured_media":6138,"template":"","meta":{"_monsterinsights_skip_tracking":false,"_monsterinsights_sitenote_active":false,"_monsterinsights_sitenote_note":"","_monsterinsights_sitenote_category":0,"_joinchat":[]},"product_brand":[],"product_cat":[50,138,40],"product_tag":[],"class_list":{"0":"post-6135","1":"product","2":"type-product","3":"status-publish","4":"has-post-thumbnail","6":"product_cat-appliques-murales","7":"product_cat-nouvelle-collection","8":"product_cat-promo","10":"first","11":"instock","12":"sale","13":"shipping-taxable","14":"purchasable","15":"product-type-simple"},"_links":{"self":[{"href":"https:\/\/lumino.ma\/ar\/wp-json\/wp\/v2\/product\/6135","targetHints":{"allow":["GET"]}}],"collection":[{"href":"https:\/\/lumino.ma\/ar\/wp-json\/wp\/v2\/product"}],"about":[{"href":"https:\/\/lumino.ma\/ar\/wp-json\/wp\/v2\/types\/product"}],"wp:featuredmedia":[{"embeddable":true,"href":"https:\/\/lumino.ma\/ar\/wp-json\/wp\/v2\/media\/6138"}],"wp:attachment":[{"href":"https:\/\/lumino.ma\/ar\/wp-json\/wp\/v2\/media?parent=6135"}],"wp:term":[{"taxonomy":"product_brand","embeddable":true,"href":"https:\/\/lumino.ma\/ar\/wp-json\/wp\/v2\/product_brand?post=6135"},{"taxonomy":"product_cat","embeddable":true,"href":"https:\/\/lumino.ma\/ar\/wp-json\/wp\/v2\/product_cat?post=6135"},{"taxonomy":"product_tag","embeddable":true,"href":"https:\/\/lumino.ma\/ar\/wp-json\/wp\/v2\/product_tag?post=6135"}],"curies":[{"name":"wp","href":"https:\/\/api.w.org\/{rel}","templated":true}]}}