{"id":6257,"date":"2024-05-24T11:15:46","date_gmt":"2024-05-24T10:15:46","guid":{"rendered":"https:\/\/lumino.ma\/?post_type=product&#038;p=6257"},"modified":"2025-12-20T21:31:19","modified_gmt":"2025-12-20T20:31:19","slug":"lustre-plafonnier-afago-8","status":"publish","type":"product","link":"https:\/\/lumino.ma\/ar\/lustre-plafonnier-afago-8\/","title":{"rendered":"Lustre Plafonnier Afago 8"},"content":{"rendered":"","protected":false},"excerpt":{"rendered":"<p>Ce plafonnier est un luminaire polyvalent et moderne qui comprend 8 t\u00eates dor\u00e9s LED. Avec une hauteur basse, il est id\u00e9al pour les espaces avec des plafonds bas o\u00f9 une installation encastr\u00e9e est n\u00e9cessaire.<\/p>\n<p>Le design du plafonnier est moderne et \u00e9pur\u00e9, s&#8217;int\u00e9grant facilement \u00e0 diff\u00e9rents styles de d\u00e9coration int\u00e9rieure. Sa finition de haute qualit\u00e9 garantit sa durabilit\u00e9 et sa r\u00e9sistance dans le temps.<\/p>\n","protected":false},"featured_media":6261,"template":"","meta":{"_monsterinsights_skip_tracking":false,"_monsterinsights_sitenote_active":false,"_monsterinsights_sitenote_note":"","_monsterinsights_sitenote_category":0,"_joinchat":[]},"product_brand":[],"product_cat":[53,138,54,40],"product_tag":[],"class_list":{"0":"post-6257","1":"product","2":"type-product","3":"status-publish","4":"has-post-thumbnail","6":"product_cat-lustres","7":"product_cat-nouvelle-collection","8":"product_cat-plafonnier","9":"product_cat-promo","11":"first","12":"instock","13":"sale","14":"shipping-taxable","15":"purchasable","16":"product-type-simple"},"_links":{"self":[{"href":"https:\/\/lumino.ma\/ar\/wp-json\/wp\/v2\/product\/6257","targetHints":{"allow":["GET"]}}],"collection":[{"href":"https:\/\/lumino.ma\/ar\/wp-json\/wp\/v2\/product"}],"about":[{"href":"https:\/\/lumino.ma\/ar\/wp-json\/wp\/v2\/types\/product"}],"wp:featuredmedia":[{"embeddable":true,"href":"https:\/\/lumino.ma\/ar\/wp-json\/wp\/v2\/media\/6261"}],"wp:attachment":[{"href":"https:\/\/lumino.ma\/ar\/wp-json\/wp\/v2\/media?parent=6257"}],"wp:term":[{"taxonomy":"product_brand","embeddable":true,"href":"https:\/\/lumino.ma\/ar\/wp-json\/wp\/v2\/product_brand?post=6257"},{"taxonomy":"product_cat","embeddable":true,"href":"https:\/\/lumino.ma\/ar\/wp-json\/wp\/v2\/product_cat?post=6257"},{"taxonomy":"product_tag","embeddable":true,"href":"https:\/\/lumino.ma\/ar\/wp-json\/wp\/v2\/product_tag?post=6257"}],"curies":[{"name":"wp","href":"https:\/\/api.w.org\/{rel}","templated":true}]}}