{"id":6295,"date":"2024-05-26T15:25:46","date_gmt":"2024-05-26T14:25:46","guid":{"rendered":"https:\/\/lumino.ma\/?post_type=product&#038;p=6295"},"modified":"2026-02-16T17:51:15","modified_gmt":"2026-02-16T17:51:15","slug":"suspension-branit","status":"publish","type":"product","link":"https:\/\/lumino.ma\/ar\/suspension-branit\/","title":{"rendered":"Suspension BRANIT"},"content":{"rendered":"","protected":false},"excerpt":{"rendered":"<p>Suspension a un style lumineux qui va vous donner envie de changer la lumi\u00e8re de votre salon!<\/p>\n<p>Cette suspension g\u00e9n\u00e8re une intensit\u00e9 lumineuse de 800 lumens.<\/p>\n","protected":false},"featured_media":6302,"template":"","meta":{"_monsterinsights_skip_tracking":false,"_monsterinsights_sitenote_active":false,"_monsterinsights_sitenote_note":"","_monsterinsights_sitenote_category":0,"_joinchat":[]},"product_brand":[],"product_cat":[53,138,40,38],"product_tag":[],"class_list":{"0":"post-6295","1":"product","2":"type-product","3":"status-publish","4":"has-post-thumbnail","6":"product_cat-lustres","7":"product_cat-nouvelle-collection","8":"product_cat-promo","9":"product_cat-suspensions-luminaires","11":"first","12":"instock","13":"sale","14":"shipping-taxable","15":"purchasable","16":"product-type-variable"},"_links":{"self":[{"href":"https:\/\/lumino.ma\/ar\/wp-json\/wp\/v2\/product\/6295","targetHints":{"allow":["GET"]}}],"collection":[{"href":"https:\/\/lumino.ma\/ar\/wp-json\/wp\/v2\/product"}],"about":[{"href":"https:\/\/lumino.ma\/ar\/wp-json\/wp\/v2\/types\/product"}],"wp:featuredmedia":[{"embeddable":true,"href":"https:\/\/lumino.ma\/ar\/wp-json\/wp\/v2\/media\/6302"}],"wp:attachment":[{"href":"https:\/\/lumino.ma\/ar\/wp-json\/wp\/v2\/media?parent=6295"}],"wp:term":[{"taxonomy":"product_brand","embeddable":true,"href":"https:\/\/lumino.ma\/ar\/wp-json\/wp\/v2\/product_brand?post=6295"},{"taxonomy":"product_cat","embeddable":true,"href":"https:\/\/lumino.ma\/ar\/wp-json\/wp\/v2\/product_cat?post=6295"},{"taxonomy":"product_tag","embeddable":true,"href":"https:\/\/lumino.ma\/ar\/wp-json\/wp\/v2\/product_tag?post=6295"}],"curies":[{"name":"wp","href":"https:\/\/api.w.org\/{rel}","templated":true}]}}