{"id":6343,"date":"2024-05-26T17:20:19","date_gmt":"2024-05-26T16:20:19","guid":{"rendered":"https:\/\/lumino.ma\/?post_type=product&#038;p=6343"},"modified":"2026-02-16T17:50:28","modified_gmt":"2026-02-16T17:50:28","slug":"suspension-amorrys-silver","status":"publish","type":"product","link":"https:\/\/lumino.ma\/ar\/suspension-amorrys-silver\/","title":{"rendered":"Suspension AMORRYS SILVER"},"content":{"rendered":"","protected":false},"excerpt":{"rendered":"<p>Toute nouvelle toute belle, la nouvelle suspension MORRY g\u00e9n\u00e8re une intensit\u00e9 lumineuse de 800 lumens et diffuse une lumi\u00e8re de couleur blanc chaud chaleureuse de 3000 lu. Le produit est fournit sans ampoule.<\/p>\n<p><strong><u>Mati\u00e9re<\/u><\/strong><strong><u>:<\/u><\/strong><\/p>\n<p>La boule est en verre avec effet mirroir<\/p>\n<p>&#8211; Longueur du fil 1m ajustable<\/p>\n<p>&#8211; Diam\u00e9tre de la boule 20 cm \/ 26cm<\/p>\n","protected":false},"featured_media":6347,"template":"","meta":{"_monsterinsights_skip_tracking":false,"_monsterinsights_sitenote_active":false,"_monsterinsights_sitenote_note":"","_monsterinsights_sitenote_category":0,"_joinchat":[]},"product_brand":[],"product_cat":[138,40,38],"product_tag":[],"class_list":{"0":"post-6343","1":"product","2":"type-product","3":"status-publish","4":"has-post-thumbnail","6":"product_cat-nouvelle-collection","7":"product_cat-promo","8":"product_cat-suspensions-luminaires","10":"first","11":"instock","12":"sale","13":"shipping-taxable","14":"purchasable","15":"product-type-variable"},"_links":{"self":[{"href":"https:\/\/lumino.ma\/ar\/wp-json\/wp\/v2\/product\/6343","targetHints":{"allow":["GET"]}}],"collection":[{"href":"https:\/\/lumino.ma\/ar\/wp-json\/wp\/v2\/product"}],"about":[{"href":"https:\/\/lumino.ma\/ar\/wp-json\/wp\/v2\/types\/product"}],"wp:featuredmedia":[{"embeddable":true,"href":"https:\/\/lumino.ma\/ar\/wp-json\/wp\/v2\/media\/6347"}],"wp:attachment":[{"href":"https:\/\/lumino.ma\/ar\/wp-json\/wp\/v2\/media?parent=6343"}],"wp:term":[{"taxonomy":"product_brand","embeddable":true,"href":"https:\/\/lumino.ma\/ar\/wp-json\/wp\/v2\/product_brand?post=6343"},{"taxonomy":"product_cat","embeddable":true,"href":"https:\/\/lumino.ma\/ar\/wp-json\/wp\/v2\/product_cat?post=6343"},{"taxonomy":"product_tag","embeddable":true,"href":"https:\/\/lumino.ma\/ar\/wp-json\/wp\/v2\/product_tag?post=6343"}],"curies":[{"name":"wp","href":"https:\/\/api.w.org\/{rel}","templated":true}]}}