{"id":6904,"date":"2025-05-24T16:16:30","date_gmt":"2025-05-24T15:16:30","guid":{"rendered":"https:\/\/lumino.ma\/?post_type=product&#038;p=6904"},"modified":"2026-02-16T17:48:46","modified_gmt":"2026-02-16T17:48:46","slug":"plafonnier-luminaire-tara-design","status":"publish","type":"product","link":"https:\/\/lumino.ma\/ar\/plafonnier-luminaire-tara-design\/","title":{"rendered":"Plafonnier Luminaire TARA Design"},"content":{"rendered":"<h3 data-start=\"200\" data-end=\"287\"><strong data-start=\"200\" data-end=\"287\">Plafonnier Luminaire TARA Design \u2013 \u00c9l\u00e9gance et modernit\u00e9 au c\u0153ur de votre int\u00e9rieur<\/strong><\/h3>\n<p data-start=\"289\" data-end=\"588\">Apportez une touche contemporaine et raffin\u00e9e \u00e0 votre d\u00e9coration gr\u00e2ce \u00e0 la <strong>Plafonnier Luminaire TARA Design.<\/strong> Con\u00e7ue pour s\u2019int\u00e9grer harmonieusement dans tout type d\u2019int\u00e9rieur \u2013 salon, salle \u00e0 manger, chambre ou bureau \u2013 cette suspension marie subtilement design minimaliste et finition soign\u00e9e.<\/p>\n<p data-start=\"590\" data-end=\"869\">Fabriqu\u00e9e avec des mat\u00e9riaux de qualit\u00e9 sup\u00e9rieure, la TARA Design assure une diffusion douce et chaleureuse de la lumi\u00e8re, cr\u00e9ant une ambiance conviviale et apaisante. Son look \u00e9pur\u00e9 et ses lignes \u00e9l\u00e9gantes en font un choix id\u00e9al pour les amateurs de d\u00e9coration moderne et chic.<\/p>\n<p data-start=\"871\" data-end=\"905\"><strong data-start=\"871\" data-end=\"905\">Caract\u00e9ristiques principales :<\/strong><\/p>\n<ul data-start=\"906\" data-end=\"1094\">\n<li data-start=\"906\" data-end=\"936\">\n<p data-start=\"908\" data-end=\"936\">Design moderne et intemporel<\/p>\n<\/li>\n<li data-start=\"937\" data-end=\"977\">\n<p data-start=\"939\" data-end=\"977\">Mat\u00e9riaux durables et finition premium<\/p>\n<\/li>\n<li data-start=\"978\" data-end=\"1022\">\n<p data-start=\"980\" data-end=\"1022\">Compatible avec ampoules LED (non incluse)<\/p>\n<\/li>\n<li data-start=\"1023\" data-end=\"1073\">\n<p data-start=\"1025\" data-end=\"1073\">Hauteur r\u00e9glable pour un ajustement personnalis\u00e9<\/p>\n<\/li>\n<li data-start=\"1074\" data-end=\"1094\">\n<p data-start=\"1076\" data-end=\"1094\">Facile \u00e0 installer<\/p>\n<\/li>\n<\/ul>\n<p data-start=\"1096\" data-end=\"1139\">Disponible \u00e0 la livraison partout au Maroc.<\/p>\n<p data-start=\"1096\" data-end=\"1139\"><em><strong>NB\u00a0: L&#8217;ampoule\u00a0n&#8217;est\u00a0 incluse dans le produit.\u00a0<\/strong><\/em><\/p>\n","protected":false},"excerpt":{"rendered":"<p data-start=\"1141\" data-end=\"1265\">Illuminez votre quotidien avec style gr\u00e2ce \u00e0 la <strong data-start=\"1189\" data-end=\"1215\">Plafonnier Luminaire TARA Design<\/strong>, un choix qui allie fonctionnalit\u00e9 et esth\u00e9tisme.<\/p>\n<p data-start=\"1267\" data-end=\"1380\">-Commandez d\u00e8s maintenant sur notre boutique en ligne et profitez d\u2019une exp\u00e9rience d\u2019achat simple et s\u00e9curis\u00e9e.<\/p>\n<p data-start=\"1267\" data-end=\"1380\">&#8211; Largeurs : 40cm-50cm-60cm<\/p>\n","protected":false},"featured_media":6907,"template":"","meta":{"_monsterinsights_skip_tracking":false,"_monsterinsights_sitenote_active":false,"_monsterinsights_sitenote_note":"","_monsterinsights_sitenote_category":0,"_joinchat":[]},"product_brand":[],"product_cat":[138,54,40],"product_tag":[201],"class_list":{"0":"post-6904","1":"product","2":"type-product","3":"status-publish","4":"has-post-thumbnail","6":"product_cat-nouvelle-collection","7":"product_cat-plafonnier","8":"product_cat-promo","9":"product_tag-plafonnier","11":"first","12":"instock","13":"sale","14":"shipping-taxable","15":"purchasable","16":"product-type-variable"},"_links":{"self":[{"href":"https:\/\/lumino.ma\/ar\/wp-json\/wp\/v2\/product\/6904","targetHints":{"allow":["GET"]}}],"collection":[{"href":"https:\/\/lumino.ma\/ar\/wp-json\/wp\/v2\/product"}],"about":[{"href":"https:\/\/lumino.ma\/ar\/wp-json\/wp\/v2\/types\/product"}],"wp:featuredmedia":[{"embeddable":true,"href":"https:\/\/lumino.ma\/ar\/wp-json\/wp\/v2\/media\/6907"}],"wp:attachment":[{"href":"https:\/\/lumino.ma\/ar\/wp-json\/wp\/v2\/media?parent=6904"}],"wp:term":[{"taxonomy":"product_brand","embeddable":true,"href":"https:\/\/lumino.ma\/ar\/wp-json\/wp\/v2\/product_brand?post=6904"},{"taxonomy":"product_cat","embeddable":true,"href":"https:\/\/lumino.ma\/ar\/wp-json\/wp\/v2\/product_cat?post=6904"},{"taxonomy":"product_tag","embeddable":true,"href":"https:\/\/lumino.ma\/ar\/wp-json\/wp\/v2\/product_tag?post=6904"}],"curies":[{"name":"wp","href":"https:\/\/api.w.org\/{rel}","templated":true}]}}