{"id":6918,"date":"2025-05-24T16:50:09","date_gmt":"2025-05-24T15:50:09","guid":{"rendered":"https:\/\/lumino.ma\/?post_type=product&#038;p=6918"},"modified":"2025-12-20T21:20:37","modified_gmt":"2025-12-20T20:20:37","slug":"suspension-tirzi-led","status":"publish","type":"product","link":"https:\/\/lumino.ma\/ar\/suspension-tirzi-led\/","title":{"rendered":"Suspension TIRZI LED"},"content":{"rendered":"","protected":false},"excerpt":{"rendered":"<div id=\"ivTitle\" title=\"SYUFRE LED suspension table \u00e0 manger dimmable suspension 6 anneaux suspension pivotante dimmable \u00e0 distance or aluminium Design lampe suspension hauteur r\u00e9glable (gris) (Color : Or)\">\n<p id=\"tw-target-text\" class=\"tw-data-text tw-text-large tw-ta\" dir=\"ltr\" data-placeholder=\"Translation\" data-ved=\"2ahUKEwjyga_fu7yNAxXeQUEAHaW5CZ8Q3ewLegQICRAW\" aria-label=\"Translated text: Taille du produit : 95 x 28 cm, bo\u00eetier de montage : 27 x 5 cm. Mat\u00e9riau : m\u00e9tal + silicone. Puissance : 48 W. Lumen : 3\u00a0600 lm. Vous pouvez r\u00e9gler la hauteur de la suspension de salle \u00e0 manger (suspension : 100 cm). Cette fonction est particuli\u00e8rement pratique au-dessus de la table \u00e0 manger, car vous pouvez ajuster la lumi\u00e8re selon vos besoins \u00e0 tout moment.\"><span class=\"Y2IQFc\" lang=\"fr\">Taille du produit : 95 x 28 cm.<\/span><\/p>\n<p class=\"tw-data-text tw-text-large tw-ta\" dir=\"ltr\" data-placeholder=\"Translation\" data-ved=\"2ahUKEwjyga_fu7yNAxXeQUEAHaW5CZ8Q3ewLegQICRAW\" aria-label=\"Translated text: Taille du produit : 95 x 28 cm, bo\u00eetier de montage : 27 x 5 cm. Mat\u00e9riau : m\u00e9tal + silicone. Puissance : 48 W. Lumen : 3\u00a0600 lm. Vous pouvez r\u00e9gler la hauteur de la suspension de salle \u00e0 manger (suspension : 100 cm). Cette fonction est particuli\u00e8rement pratique au-dessus de la table \u00e0 manger, car vous pouvez ajuster la lumi\u00e8re selon vos besoins \u00e0 tout moment.\"><span class=\"Y2IQFc\" lang=\"fr\"> Mat\u00e9riau : m\u00e9tal + silicone.<\/span><\/p>\n<p class=\"tw-data-text tw-text-large tw-ta\" dir=\"ltr\" data-placeholder=\"Translation\" data-ved=\"2ahUKEwjyga_fu7yNAxXeQUEAHaW5CZ8Q3ewLegQICRAW\" aria-label=\"Translated text: Taille du produit : 95 x 28 cm, bo\u00eetier de montage : 27 x 5 cm. Mat\u00e9riau : m\u00e9tal + silicone. Puissance : 48 W. Lumen : 3\u00a0600 lm. Vous pouvez r\u00e9gler la hauteur de la suspension de salle \u00e0 manger (suspension : 100 cm). Cette fonction est particuli\u00e8rement pratique au-dessus de la table \u00e0 manger, car vous pouvez ajuster la lumi\u00e8re selon vos besoins \u00e0 tout moment.\"><span class=\"Y2IQFc\" lang=\"fr\">Puissance : 48 W. Lumen : 3 600 lm. Vous pouvez r\u00e9gler la hauteur de la suspension de salle \u00e0 manger (suspension : 100 cm). <\/span><\/p>\n<p class=\"tw-data-text tw-text-large tw-ta\" dir=\"ltr\" data-placeholder=\"Translation\" data-ved=\"2ahUKEwjyga_fu7yNAxXeQUEAHaW5CZ8Q3ewLegQICRAW\" aria-label=\"Translated text: Taille du produit : 95 x 28 cm, bo\u00eetier de montage : 27 x 5 cm. Mat\u00e9riau : m\u00e9tal + silicone. Puissance : 48 W. Lumen : 3\u00a0600 lm. Vous pouvez r\u00e9gler la hauteur de la suspension de salle \u00e0 manger (suspension : 100 cm). Cette fonction est particuli\u00e8rement pratique au-dessus de la table \u00e0 manger, car vous pouvez ajuster la lumi\u00e8re selon vos besoins \u00e0 tout moment.\"><span class=\"Y2IQFc\" lang=\"fr\">Cette fonction est particuli\u00e8rement pratique au-dessus de la table \u00e0 manger, car vous pouvez ajuster la lumi\u00e8re selon vos besoins \u00e0 tout moment.<\/span><\/p>\n<\/div>\n","protected":false},"featured_media":6920,"template":"","meta":{"_monsterinsights_skip_tracking":false,"_monsterinsights_sitenote_active":false,"_monsterinsights_sitenote_note":"","_monsterinsights_sitenote_category":0,"_joinchat":[]},"product_brand":[],"product_cat":[138,40,38],"product_tag":[],"class_list":{"0":"post-6918","1":"product","2":"type-product","3":"status-publish","4":"has-post-thumbnail","6":"product_cat-nouvelle-collection","7":"product_cat-promo","8":"product_cat-suspensions-luminaires","10":"first","11":"instock","12":"sale","13":"shipping-taxable","14":"purchasable","15":"product-type-simple"},"_links":{"self":[{"href":"https:\/\/lumino.ma\/ar\/wp-json\/wp\/v2\/product\/6918","targetHints":{"allow":["GET"]}}],"collection":[{"href":"https:\/\/lumino.ma\/ar\/wp-json\/wp\/v2\/product"}],"about":[{"href":"https:\/\/lumino.ma\/ar\/wp-json\/wp\/v2\/types\/product"}],"wp:featuredmedia":[{"embeddable":true,"href":"https:\/\/lumino.ma\/ar\/wp-json\/wp\/v2\/media\/6920"}],"wp:attachment":[{"href":"https:\/\/lumino.ma\/ar\/wp-json\/wp\/v2\/media?parent=6918"}],"wp:term":[{"taxonomy":"product_brand","embeddable":true,"href":"https:\/\/lumino.ma\/ar\/wp-json\/wp\/v2\/product_brand?post=6918"},{"taxonomy":"product_cat","embeddable":true,"href":"https:\/\/lumino.ma\/ar\/wp-json\/wp\/v2\/product_cat?post=6918"},{"taxonomy":"product_tag","embeddable":true,"href":"https:\/\/lumino.ma\/ar\/wp-json\/wp\/v2\/product_tag?post=6918"}],"curies":[{"name":"wp","href":"https:\/\/api.w.org\/{rel}","templated":true}]}}