{"id":8647,"date":"2023-10-28T20:44:02","date_gmt":"2023-10-28T19:44:02","guid":{"rendered":"https:\/\/lumino.ma\/conditions-dutilisation\/"},"modified":"2025-12-07T15:06:47","modified_gmt":"2025-12-07T14:06:47","slug":"conditions-dutilisation","status":"publish","type":"page","link":"https:\/\/lumino.ma\/en\/conditions-dutilisation\/","title":{"rendered":"Conditions d&#8217;utilisation"},"content":{"rendered":"<p><strong>-Droits des utilisateurs sur leurs donn\u00e9es personnelles<\/strong><\/p>\n<p>Les informations recueillies sur le site www.lumino.ma font l\u2019objet d\u2019un traitement destin\u00e9 notamment \u00e0 la commande d\u2019un produit, le paiement et la livraison. Les destinataires des donn\u00e9es se limitent exclusivement aux personnes habilit\u00e9es \u00e0 conna\u00eetre vos donn\u00e9es en raison de leurs fonctions. Conform\u00e9ment \u00e0 la loi n\u00b0 09-08 promulgu\u00e9e par le Dahir 1-09-15 du 18 f\u00e9vrier 2009, relative \u00e0 la protection des personnes physiques \u00e0 l&#8217;\u00e9gard du traitement des donn\u00e9es \u00e0 caract\u00e8re personnel, vous b\u00e9n\u00e9ficiez d\u2019un droit d\u2019acc\u00e8s, d\u2019information, de rectification et d\u2019opposition aux informations qui vous concernent, que vous pouvez exercer en vous adressant \u00e0 notre service client \u00e0 l\u2019adresse mail suivante : contact@lumino.ma (7j\/7 et 24h\/24).<\/p>\n<p><strong>-Cookies<\/strong><\/p>\n<p>Si vous d\u00e9posez un commentaire sur notre site, il vous sera propos\u00e9 d\u2019enregistrer votre nom, adresse e-mail et site dans des cookies. C\u2019est uniquement pour votre confort afin de ne pas avoir \u00e0 saisir ces informations si vous d\u00e9posez un autre commentaire plus tard. Ces cookies expirent au bout d\u2019un an.<\/p>\n<p>Si vous vous rendez sur la page de connexion, un cookie temporaire sera cr\u00e9\u00e9 afin de d\u00e9terminer si votre navigateur accepte les cookies. Il ne contient pas de donn\u00e9es personnelles et sera supprim\u00e9 automatiquement \u00e0 la fermeture de votre navigateur.<\/p>\n<p>Lorsque vous vous connecterez, nous mettrons en place un certain nombre de cookies pour enregistrer vos informations de connexion et vos pr\u00e9f\u00e9rences d\u2019\u00e9cran. La dur\u00e9e de vie d\u2019un cookie de connexion est de deux jours, celle d\u2019un cookie d\u2019option d\u2019\u00e9cran est d\u2019un an. Si vous cochez \u00ab Se souvenir de moi \u00bb, votre cookie de connexion sera conserv\u00e9 pendant deux semaines. Si vous vous d\u00e9connectez de votre compte, le cookie de connexion sera effac\u00e9.<\/p>\n<p>En modifiant ou en publiant une publication, un cookie suppl\u00e9mentaire sera enregistr\u00e9 dans votre navigateur. Ce cookie ne comprend aucune donn\u00e9e personnelle. Il indique simplement l\u2019ID de la publication que vous venez de modifier. Il expire au bout d\u2019un jour.<\/p>\n","protected":false},"excerpt":{"rendered":"<p>-Droits des utilisateurs sur leurs donn\u00e9es personnelles Les informations recueillies sur le site www.lumino.ma font l\u2019objet d\u2019un traitement destin\u00e9 notamment \u00e0 la commande d\u2019un produit, le paiement et la livraison. Les destinataires des donn\u00e9es se limitent exclusivement aux personnes habilit\u00e9es \u00e0 conna\u00eetre vos donn\u00e9es en raison de leurs fonctions. Conform\u00e9ment \u00e0 la loi n\u00b0 09-08 [&hellip;]<\/p>\n","protected":false},"author":1,"featured_media":0,"parent":0,"menu_order":0,"comment_status":"closed","ping_status":"closed","template":"","meta":{"_monsterinsights_skip_tracking":false,"_monsterinsights_sitenote_active":false,"_monsterinsights_sitenote_note":"","_monsterinsights_sitenote_category":0,"_joinchat":[],"footnotes":""},"class_list":["post-8647","page","type-page","status-publish","hentry"],"_links":{"self":[{"href":"https:\/\/lumino.ma\/en\/wp-json\/wp\/v2\/pages\/8647","targetHints":{"allow":["GET"]}}],"collection":[{"href":"https:\/\/lumino.ma\/en\/wp-json\/wp\/v2\/pages"}],"about":[{"href":"https:\/\/lumino.ma\/en\/wp-json\/wp\/v2\/types\/page"}],"author":[{"embeddable":true,"href":"https:\/\/lumino.ma\/en\/wp-json\/wp\/v2\/users\/1"}],"replies":[{"embeddable":true,"href":"https:\/\/lumino.ma\/en\/wp-json\/wp\/v2\/comments?post=8647"}],"version-history":[{"count":1,"href":"https:\/\/lumino.ma\/en\/wp-json\/wp\/v2\/pages\/8647\/revisions"}],"predecessor-version":[{"id":8734,"href":"https:\/\/lumino.ma\/en\/wp-json\/wp\/v2\/pages\/8647\/revisions\/8734"}],"wp:attachment":[{"href":"https:\/\/lumino.ma\/en\/wp-json\/wp\/v2\/media?parent=8647"}],"curies":[{"name":"wp","href":"https:\/\/api.w.org\/{rel}","templated":true}]}}