{"id":4526,"date":"2023-12-11T16:33:16","date_gmt":"2023-12-11T15:33:16","guid":{"rendered":"https:\/\/lumino.ma\/?post_type=product&#038;p=4526"},"modified":"2026-02-16T17:59:11","modified_gmt":"2026-02-16T17:59:11","slug":"suspension-marwino","status":"publish","type":"product","link":"https:\/\/lumino.ma\/en\/suspension-marwino\/","title":{"rendered":"Suspension Marwino"},"content":{"rendered":"","protected":false},"excerpt":{"rendered":"<h6>Cet article g\u00e9n\u00e8re une intensit\u00e9 lumineuse et diffuse une lumi\u00e8re chaude et chaleureuse.<\/h6>\n<h6>Ampoule : E14<\/h6>\n<h6>NB : L&#8217;ampoule n\u2019est pas incluse dans le produit.<\/h6>\n<h6>LA LIVRAISON EST GRATUITE PARTOUT AU MAROC<\/h6>\n","protected":false},"featured_media":5151,"template":"","meta":{"_monsterinsights_skip_tracking":false,"_monsterinsights_sitenote_active":false,"_monsterinsights_sitenote_note":"","_monsterinsights_sitenote_category":0,"_joinchat":[]},"product_brand":[],"product_cat":[53,40],"product_tag":[],"class_list":{"0":"post-4526","1":"product","2":"type-product","3":"status-publish","4":"has-post-thumbnail","6":"product_cat-lustres","7":"product_cat-promo","9":"first","10":"instock","11":"sale","12":"shipping-taxable","13":"purchasable","14":"product-type-variable"},"_links":{"self":[{"href":"https:\/\/lumino.ma\/en\/wp-json\/wp\/v2\/product\/4526","targetHints":{"allow":["GET"]}}],"collection":[{"href":"https:\/\/lumino.ma\/en\/wp-json\/wp\/v2\/product"}],"about":[{"href":"https:\/\/lumino.ma\/en\/wp-json\/wp\/v2\/types\/product"}],"wp:featuredmedia":[{"embeddable":true,"href":"https:\/\/lumino.ma\/en\/wp-json\/wp\/v2\/media\/5151"}],"wp:attachment":[{"href":"https:\/\/lumino.ma\/en\/wp-json\/wp\/v2\/media?parent=4526"}],"wp:term":[{"taxonomy":"product_brand","embeddable":true,"href":"https:\/\/lumino.ma\/en\/wp-json\/wp\/v2\/product_brand?post=4526"},{"taxonomy":"product_cat","embeddable":true,"href":"https:\/\/lumino.ma\/en\/wp-json\/wp\/v2\/product_cat?post=4526"},{"taxonomy":"product_tag","embeddable":true,"href":"https:\/\/lumino.ma\/en\/wp-json\/wp\/v2\/product_tag?post=4526"}],"curies":[{"name":"wp","href":"https:\/\/api.w.org\/{rel}","templated":true}]}}