{"id":4621,"date":"2023-12-12T22:07:45","date_gmt":"2023-12-12T21:07:45","guid":{"rendered":"https:\/\/lumino.ma\/?post_type=product&#038;p=4621"},"modified":"2024-11-10T11:46:57","modified_gmt":"2024-11-10T10:46:57","slug":"suspension-metal-moderne","status":"publish","type":"product","link":"https:\/\/lumino.ma\/en\/suspension-metal-moderne\/","title":{"rendered":"Suspension M\u00e9tal Moderne"},"content":{"rendered":"<h6>Cette Suspension g\u00e9n\u00e8re une intensit\u00e9 lumineuse et diffuse une lumi\u00e8re chaude et chaleureuse.<\/h6>\n<h6>Ampoule : E27<\/h6>\n<h6>NB : L&#8217;ampoule n\u2019est pas incluse dans le produit.<\/h6>\n<h6>LA LIVRAISON EST GRATUITE PARTOUT AU MAROC<\/h6>\n","protected":false},"excerpt":{"rendered":"<p>Cette Suspension g\u00e9n\u00e8re une intensit\u00e9 lumineuse et diffuse une lumi\u00e8re chaude et chaleureuse. Ampoule : E27 NB : L&#8217;ampoule n\u2019est pas incluse dans le produit. LA LIVRAISON EST GRATUITE PARTOUT AU MAROC<\/p>\n","protected":false},"featured_media":5327,"template":"","meta":{"_monsterinsights_skip_tracking":false,"_monsterinsights_sitenote_active":false,"_monsterinsights_sitenote_note":"","_monsterinsights_sitenote_category":0,"_joinchat":[]},"product_brand":[],"product_cat":[138,38],"product_tag":[],"class_list":{"0":"post-4621","1":"product","2":"type-product","3":"status-publish","4":"has-post-thumbnail","6":"product_cat-nouvelle-collection","7":"product_cat-suspensions-luminaires","9":"first","10":"instock","11":"sale","12":"shipping-taxable","13":"purchasable","14":"product-type-simple"},"_links":{"self":[{"href":"https:\/\/lumino.ma\/en\/wp-json\/wp\/v2\/product\/4621","targetHints":{"allow":["GET"]}}],"collection":[{"href":"https:\/\/lumino.ma\/en\/wp-json\/wp\/v2\/product"}],"about":[{"href":"https:\/\/lumino.ma\/en\/wp-json\/wp\/v2\/types\/product"}],"wp:featuredmedia":[{"embeddable":true,"href":"https:\/\/lumino.ma\/en\/wp-json\/wp\/v2\/media\/5327"}],"wp:attachment":[{"href":"https:\/\/lumino.ma\/en\/wp-json\/wp\/v2\/media?parent=4621"}],"wp:term":[{"taxonomy":"product_brand","embeddable":true,"href":"https:\/\/lumino.ma\/en\/wp-json\/wp\/v2\/product_brand?post=4621"},{"taxonomy":"product_cat","embeddable":true,"href":"https:\/\/lumino.ma\/en\/wp-json\/wp\/v2\/product_cat?post=4621"},{"taxonomy":"product_tag","embeddable":true,"href":"https:\/\/lumino.ma\/en\/wp-json\/wp\/v2\/product_tag?post=4621"}],"curies":[{"name":"wp","href":"https:\/\/api.w.org\/{rel}","templated":true}]}}