{"id":4816,"date":"2023-12-17T15:36:55","date_gmt":"2023-12-17T14:36:55","guid":{"rendered":"https:\/\/lumino.ma\/?post_type=product&#038;p=4816"},"modified":"2024-03-03T22:23:37","modified_gmt":"2024-03-03T21:23:37","slug":"suspension-moderno-duo-rondelle","status":"publish","type":"product","link":"https:\/\/lumino.ma\/en\/suspension-moderno-duo-rondelle\/","title":{"rendered":"Suspension Moderno Duo Rondelle"},"content":{"rendered":"<h5 id=\"tw-target-text\" class=\"tw-data-text tw-text-large tw-ta\" dir=\"ltr\" data-placeholder=\"Translation\" data-ved=\"2ahUKEwiK2amH5LeDAxWaUKQEHUTMDY0Q3ewLegQIBRAQ\"><span class=\"Y2IQFc\" lang=\"fr\">Suspension Moderno Duo Rondelle LED \u00e0 2 anneaux modernes \u00e0 intensit\u00e9 variable avec t\u00e9l\u00e9commande, plafonnier r\u00e9glable en hauteur, 69 W, anneaux lumineux LED pour salon, chambre \u00e0 coucher, salle \u00e0 manger (dor\u00e9).<\/span><\/h5>\n<h6>LA LIVRAISON EST GRATUITE PARTOUT AU MAROC<\/h6>\n","protected":false},"excerpt":{"rendered":"<p>Suspension Moderno Duo Rondelle LED \u00e0 2 anneaux modernes \u00e0 intensit\u00e9 variable avec t\u00e9l\u00e9commande, plafonnier r\u00e9glable en hauteur, 69 W, anneaux lumineux LED pour salon, chambre \u00e0 coucher, salle \u00e0 manger (dor\u00e9). LA LIVRAISON EST GRATUITE PARTOUT AU MAROC<\/p>\n","protected":false},"featured_media":4820,"template":"","meta":{"_monsterinsights_skip_tracking":false,"_monsterinsights_sitenote_active":false,"_monsterinsights_sitenote_note":"","_monsterinsights_sitenote_category":0,"_joinchat":[]},"product_brand":[],"product_cat":[138,38],"product_tag":[],"class_list":{"0":"post-4816","1":"product","2":"type-product","3":"status-publish","4":"has-post-thumbnail","6":"product_cat-nouvelle-collection","7":"product_cat-suspensions-luminaires","9":"first","10":"outofstock","11":"sale","12":"shipping-taxable","13":"purchasable","14":"product-type-simple"},"_links":{"self":[{"href":"https:\/\/lumino.ma\/en\/wp-json\/wp\/v2\/product\/4816","targetHints":{"allow":["GET"]}}],"collection":[{"href":"https:\/\/lumino.ma\/en\/wp-json\/wp\/v2\/product"}],"about":[{"href":"https:\/\/lumino.ma\/en\/wp-json\/wp\/v2\/types\/product"}],"wp:featuredmedia":[{"embeddable":true,"href":"https:\/\/lumino.ma\/en\/wp-json\/wp\/v2\/media\/4820"}],"wp:attachment":[{"href":"https:\/\/lumino.ma\/en\/wp-json\/wp\/v2\/media?parent=4816"}],"wp:term":[{"taxonomy":"product_brand","embeddable":true,"href":"https:\/\/lumino.ma\/en\/wp-json\/wp\/v2\/product_brand?post=4816"},{"taxonomy":"product_cat","embeddable":true,"href":"https:\/\/lumino.ma\/en\/wp-json\/wp\/v2\/product_cat?post=4816"},{"taxonomy":"product_tag","embeddable":true,"href":"https:\/\/lumino.ma\/en\/wp-json\/wp\/v2\/product_tag?post=4816"}],"curies":[{"name":"wp","href":"https:\/\/api.w.org\/{rel}","templated":true}]}}