{"id":5389,"date":"2024-01-17T09:34:13","date_gmt":"2024-01-17T08:34:13","guid":{"rendered":"https:\/\/lumino.ma\/?post_type=product&#038;p=5389"},"modified":"2026-02-16T17:53:32","modified_gmt":"2026-02-16T17:53:32","slug":"applique-murale-copa","status":"publish","type":"product","link":"https:\/\/lumino.ma\/en\/applique-murale-copa\/","title":{"rendered":"Applique murale COPA"},"content":{"rendered":"","protected":false},"excerpt":{"rendered":"<h5>Applique murale Copa ( 28 cm )est ronde moderne et r\u00e9glable en forme de globe blanc LED G9.<\/h5>\n<h5>Copa est une Applique murale cr\u00e9ative pour d\u00e9coration d&#8217;int\u00e9rieur &#8211; Luminaire mural pour chambre \u00e0 coucher, chevet, salon, couloir&#8230;<\/h5>\n","protected":false},"featured_media":5391,"template":"","meta":{"_monsterinsights_skip_tracking":false,"_monsterinsights_sitenote_active":false,"_monsterinsights_sitenote_note":"","_monsterinsights_sitenote_category":0,"_joinchat":[]},"product_brand":[],"product_cat":[50,138],"product_tag":[],"class_list":{"0":"post-5389","1":"product","2":"type-product","3":"status-publish","4":"has-post-thumbnail","6":"product_cat-appliques-murales","7":"product_cat-nouvelle-collection","9":"first","10":"instock","11":"sale","12":"shipping-taxable","13":"purchasable","14":"product-type-variable"},"_links":{"self":[{"href":"https:\/\/lumino.ma\/en\/wp-json\/wp\/v2\/product\/5389","targetHints":{"allow":["GET"]}}],"collection":[{"href":"https:\/\/lumino.ma\/en\/wp-json\/wp\/v2\/product"}],"about":[{"href":"https:\/\/lumino.ma\/en\/wp-json\/wp\/v2\/types\/product"}],"wp:featuredmedia":[{"embeddable":true,"href":"https:\/\/lumino.ma\/en\/wp-json\/wp\/v2\/media\/5391"}],"wp:attachment":[{"href":"https:\/\/lumino.ma\/en\/wp-json\/wp\/v2\/media?parent=5389"}],"wp:term":[{"taxonomy":"product_brand","embeddable":true,"href":"https:\/\/lumino.ma\/en\/wp-json\/wp\/v2\/product_brand?post=5389"},{"taxonomy":"product_cat","embeddable":true,"href":"https:\/\/lumino.ma\/en\/wp-json\/wp\/v2\/product_cat?post=5389"},{"taxonomy":"product_tag","embeddable":true,"href":"https:\/\/lumino.ma\/en\/wp-json\/wp\/v2\/product_tag?post=5389"}],"curies":[{"name":"wp","href":"https:\/\/api.w.org\/{rel}","templated":true}]}}