{"id":5520,"date":"2024-02-04T22:20:22","date_gmt":"2024-02-04T21:20:22","guid":{"rendered":"https:\/\/lumino.ma\/?post_type=product&#038;p=5520"},"modified":"2024-05-24T20:19:28","modified_gmt":"2024-05-24T19:19:28","slug":"suspension-juma","status":"publish","type":"product","link":"https:\/\/lumino.ma\/en\/suspension-juma\/","title":{"rendered":"Suspension Juma"},"content":{"rendered":"","protected":false},"excerpt":{"rendered":"<h5 id=\"tw-target-text\" class=\"tw-data-text tw-text-large tw-ta\" dir=\"ltr\" data-placeholder=\"Translation\" data-ved=\"2ahUKEwi0kcakyOKDAxW9TqQEHY6KBi8Q3ewLegQIBRAQ\"><span class=\"Y2IQFc\" lang=\"fr\">Lustre Juma est un Lustre en cristal moderne dor\u00e9 est con\u00e7u avec 3 niveaux de cristaux de cristal K9 Grid, cet ajout en plus d\u2019\u00e9l\u00e9ments de luxe \u00e0 votre d\u00e9coration int\u00e9rieure et un effet plus luxueux pour <\/span><span class=\"Y2IQFc\" lang=\"fr\">\u00a0salle \u00e0 manger, salon, chambre\u2026<\/span><\/h5>\n","protected":false},"featured_media":5522,"template":"","meta":{"_monsterinsights_skip_tracking":false,"_monsterinsights_sitenote_active":false,"_monsterinsights_sitenote_note":"","_monsterinsights_sitenote_category":0,"_joinchat":[]},"product_brand":[],"product_cat":[138,40,38],"product_tag":[],"class_list":{"0":"post-5520","1":"product","2":"type-product","3":"status-publish","4":"has-post-thumbnail","6":"product_cat-nouvelle-collection","7":"product_cat-promo","8":"product_cat-suspensions-luminaires","10":"first","11":"instock","12":"sale","13":"shipping-taxable","14":"purchasable","15":"product-type-variable"},"_links":{"self":[{"href":"https:\/\/lumino.ma\/en\/wp-json\/wp\/v2\/product\/5520","targetHints":{"allow":["GET"]}}],"collection":[{"href":"https:\/\/lumino.ma\/en\/wp-json\/wp\/v2\/product"}],"about":[{"href":"https:\/\/lumino.ma\/en\/wp-json\/wp\/v2\/types\/product"}],"wp:featuredmedia":[{"embeddable":true,"href":"https:\/\/lumino.ma\/en\/wp-json\/wp\/v2\/media\/5522"}],"wp:attachment":[{"href":"https:\/\/lumino.ma\/en\/wp-json\/wp\/v2\/media?parent=5520"}],"wp:term":[{"taxonomy":"product_brand","embeddable":true,"href":"https:\/\/lumino.ma\/en\/wp-json\/wp\/v2\/product_brand?post=5520"},{"taxonomy":"product_cat","embeddable":true,"href":"https:\/\/lumino.ma\/en\/wp-json\/wp\/v2\/product_cat?post=5520"},{"taxonomy":"product_tag","embeddable":true,"href":"https:\/\/lumino.ma\/en\/wp-json\/wp\/v2\/product_tag?post=5520"}],"curies":[{"name":"wp","href":"https:\/\/api.w.org\/{rel}","templated":true}]}}