{"id":5866,"date":"2024-05-18T19:50:38","date_gmt":"2024-05-18T18:50:38","guid":{"rendered":"https:\/\/lumino.ma\/?post_type=product&#038;p=5866"},"modified":"2024-12-07T11:41:37","modified_gmt":"2024-12-07T10:41:37","slug":"lampe-de-table-hilalo","status":"publish","type":"product","link":"https:\/\/lumino.ma\/en\/lampe-de-table-hilalo\/","title":{"rendered":"Lampe de table Hilalo"},"content":{"rendered":"<p>1 RECHARGEABLE : la petite lampe de table tactile est \u00e9quip\u00e9e d&#8217;une batterie rechargeable de 1 800 mAh qui peut \u00eatre utilis\u00e9e jusqu&#8217;\u00e0 2H30 du cr\u00e9puscule \u00e0 l&#8217;aube sur une seule charge. USB<br \/>\n2. Apparence exquise : la lampe de table sans fil rechargeable dispose d&#8217;un bo\u00eetier en m\u00e9tal \u00e0 surface galvanis\u00e9e pour un look sophistiqu\u00e9. Conception de base antid\u00e9rapante<br \/>\n3. MULTIFONCTIONNEL\u00a0: Le r\u00e9glage le plus bas produit une lumi\u00e8re douce pour vous aider \u00e0 dormir et le r\u00e9glage le plus \u00e9lev\u00e9 offre une luminosit\u00e9 suppl\u00e9mentaire pour une lecture confortable ou des repas en plein air.<br \/>\n4. CHAMP D&#8217;APPLICATION\u00a0: La lampe de table LED sans fil a une large gamme d&#8217;applications et peut \u00eatre plac\u00e9e n&#8217;importe o\u00f9, des tables de chevet, des \u00e9tag\u00e8res, des tables, des tables \u00e0 manger, etc.<\/p>\n","protected":false},"excerpt":{"rendered":"<p>Type d&#8217;article\u00a0: rechargeable Lampe de table sans fil<br \/>\nMat\u00e9riel\u00a0: Fer, Acrylique<br \/>\nTaille du produit\u00a0: Diam\u00e8tre de la base\u00a0: env. 92 mm \/ 3,6 pouces, hauteur : env. 213 mm \/ 8,4 pouces<br \/>\nBatterie int\u00e9gr\u00e9e\u00a0: batterie au lithium 18650 1800 mAh (incluse)<br \/>\nSource de lumi\u00e8re\u00a0: lumi\u00e8re chaude, lumi\u00e8re blanche, lumi\u00e8re neutre<br \/>\nPuissance\u00a0: 3\u00a0W<br \/>\nProcessus\u00a0: Galvanoplastie bross\u00e9<br \/>\nContr\u00f4le\u00a0:\u00a0interrupteur inf\u00e9rieur, contr\u00f4le tactile sup\u00e9rieur<br \/>\nPoids brut\u00a0: 365\u00a0g\/12,9\u00a0oz<\/p>\n","protected":false},"featured_media":5875,"template":"","meta":{"_monsterinsights_skip_tracking":false,"_monsterinsights_sitenote_active":false,"_monsterinsights_sitenote_note":"","_monsterinsights_sitenote_category":0,"_joinchat":[]},"product_brand":[],"product_cat":[171,138,40],"product_tag":[],"class_list":{"0":"post-5866","1":"product","2":"type-product","3":"status-publish","4":"has-post-thumbnail","6":"product_cat-lampe-led-de-table","7":"product_cat-nouvelle-collection","8":"product_cat-promo","10":"first","11":"instock","12":"sale","13":"shipping-taxable","14":"purchasable","15":"product-type-simple"},"_links":{"self":[{"href":"https:\/\/lumino.ma\/en\/wp-json\/wp\/v2\/product\/5866","targetHints":{"allow":["GET"]}}],"collection":[{"href":"https:\/\/lumino.ma\/en\/wp-json\/wp\/v2\/product"}],"about":[{"href":"https:\/\/lumino.ma\/en\/wp-json\/wp\/v2\/types\/product"}],"wp:featuredmedia":[{"embeddable":true,"href":"https:\/\/lumino.ma\/en\/wp-json\/wp\/v2\/media\/5875"}],"wp:attachment":[{"href":"https:\/\/lumino.ma\/en\/wp-json\/wp\/v2\/media?parent=5866"}],"wp:term":[{"taxonomy":"product_brand","embeddable":true,"href":"https:\/\/lumino.ma\/en\/wp-json\/wp\/v2\/product_brand?post=5866"},{"taxonomy":"product_cat","embeddable":true,"href":"https:\/\/lumino.ma\/en\/wp-json\/wp\/v2\/product_cat?post=5866"},{"taxonomy":"product_tag","embeddable":true,"href":"https:\/\/lumino.ma\/en\/wp-json\/wp\/v2\/product_tag?post=5866"}],"curies":[{"name":"wp","href":"https:\/\/api.w.org\/{rel}","templated":true}]}}