{"id":6044,"date":"2024-05-19T21:42:03","date_gmt":"2024-05-19T20:42:03","guid":{"rendered":"https:\/\/lumino.ma\/?post_type=product&#038;p=6044"},"modified":"2025-07-23T22:48:27","modified_gmt":"2025-07-23T21:48:27","slug":"suspension-luminaire-led-pilniw","status":"publish","type":"product","link":"https:\/\/lumino.ma\/en\/suspension-luminaire-led-pilniw\/","title":{"rendered":"Suspension Luminaire LED Pilniw"},"content":{"rendered":"<h3 data-start=\"268\" data-end=\"344\"><strong data-start=\"272\" data-end=\"344\">Suspension Luminaire LED Pilniw \u2013 Design \u00e9pur\u00e9 &amp; lumi\u00e8re performante<\/strong><\/h3>\n<p data-start=\"346\" data-end=\"651\">Sublimez votre int\u00e9rieur avec la <strong data-start=\"379\" data-end=\"414\">Suspension Luminaire LED Pilniw<\/strong>, un luminaire suspendu moderne au style minimaliste. Avec sa forme innovante et sa lumi\u00e8re LED int\u00e9gr\u00e9e, il est parfait pour apporter une ambiance chic et contemporaine dans vos espaces de vie : salon, salle \u00e0 manger, cuisine ou bureau.<\/p>\n<h4 data-start=\"653\" data-end=\"692\"><strong data-start=\"658\" data-end=\"692\">Caract\u00e9ristiques principales :<\/strong><\/h4>\n<ul data-start=\"693\" data-end=\"1115\">\n<li data-start=\"693\" data-end=\"770\">\n<p data-start=\"695\" data-end=\"770\">\ud83d\udca1 <strong data-start=\"698\" data-end=\"726\">Technologie LED int\u00e9gr\u00e9e<\/strong> : \u00c9conomie d\u2019\u00e9nergie et \u00e9clairage homog\u00e8ne.<\/p>\n<\/li>\n<li data-start=\"771\" data-end=\"859\">\n<p data-start=\"773\" data-end=\"859\">\ud83c\udf00 <strong data-start=\"776\" data-end=\"799\">Design contemporain<\/strong> : Formes g\u00e9om\u00e9triques raffin\u00e9es pour une touche d\u2019\u00e9l\u00e9gance.<\/p>\n<\/li>\n<li data-start=\"860\" data-end=\"943\">\n<p data-start=\"862\" data-end=\"943\">\u2699\ufe0f <strong data-start=\"865\" data-end=\"888\">Installation rapide<\/strong> : S\u2019adapte facilement \u00e0 tout type de plafond standard.<\/p>\n<\/li>\n<li data-start=\"944\" data-end=\"1030\">\n<p data-start=\"946\" data-end=\"1030\">\ud83c\udfa8 <strong data-start=\"949\" data-end=\"971\">Mat\u00e9riaux durables<\/strong> : Alliage aluminium + finition acrylique de haute qualit\u00e9.<\/p>\n<\/li>\n<\/ul>\n","protected":false},"excerpt":{"rendered":"<p data-start=\"268\" data-end=\"344\"><strong data-start=\"272\" data-end=\"344\">La Suspension Luminaire LED Pilniw \u2013 Design \u00e9pur\u00e9 &amp; lumi\u00e8re performante :<\/strong><\/p>\n<ul data-start=\"1152\" data-end=\"1326\">\n<li data-start=\"1152\" data-end=\"1210\">\n<p data-start=\"1154\" data-end=\"1210\">Un choix parfait pour les int\u00e9rieurs modernes marocains.<\/p>\n<\/li>\n<li data-start=\"1211\" data-end=\"1262\">\n<p data-start=\"1213\" data-end=\"1262\">Apporte \u00e0 la fois esth\u00e9tique et confort lumineux.<\/p>\n<\/li>\n<li data-start=\"1263\" data-end=\"1326\">\n<p data-start=\"1265\" data-end=\"1326\">Id\u00e9al pour les ambiances cosy, professionnelles ou \u00e9l\u00e9gantes.<\/p>\n<\/li>\n<\/ul>\n","protected":false},"featured_media":6055,"template":"","meta":{"_monsterinsights_skip_tracking":false,"_monsterinsights_sitenote_active":false,"_monsterinsights_sitenote_note":"","_monsterinsights_sitenote_category":0,"_joinchat":[]},"product_brand":[],"product_cat":[138,40,38],"product_tag":[200,198],"class_list":{"0":"post-6044","1":"product","2":"type-product","3":"status-publish","4":"has-post-thumbnail","6":"product_cat-nouvelle-collection","7":"product_cat-promo","8":"product_cat-suspensions-luminaires","9":"product_tag-luminaire","10":"product_tag-suspension-luminaire","12":"first","13":"instock","14":"sale","15":"shipping-taxable","16":"purchasable","17":"product-type-simple"},"_links":{"self":[{"href":"https:\/\/lumino.ma\/en\/wp-json\/wp\/v2\/product\/6044","targetHints":{"allow":["GET"]}}],"collection":[{"href":"https:\/\/lumino.ma\/en\/wp-json\/wp\/v2\/product"}],"about":[{"href":"https:\/\/lumino.ma\/en\/wp-json\/wp\/v2\/types\/product"}],"wp:featuredmedia":[{"embeddable":true,"href":"https:\/\/lumino.ma\/en\/wp-json\/wp\/v2\/media\/6055"}],"wp:attachment":[{"href":"https:\/\/lumino.ma\/en\/wp-json\/wp\/v2\/media?parent=6044"}],"wp:term":[{"taxonomy":"product_brand","embeddable":true,"href":"https:\/\/lumino.ma\/en\/wp-json\/wp\/v2\/product_brand?post=6044"},{"taxonomy":"product_cat","embeddable":true,"href":"https:\/\/lumino.ma\/en\/wp-json\/wp\/v2\/product_cat?post=6044"},{"taxonomy":"product_tag","embeddable":true,"href":"https:\/\/lumino.ma\/en\/wp-json\/wp\/v2\/product_tag?post=6044"}],"curies":[{"name":"wp","href":"https:\/\/api.w.org\/{rel}","templated":true}]}}