{"id":6231,"date":"2024-05-24T10:50:13","date_gmt":"2024-05-24T09:50:13","guid":{"rendered":"https:\/\/lumino.ma\/?post_type=product&#038;p=6231"},"modified":"2025-12-20T21:31:55","modified_gmt":"2025-12-20T20:31:55","slug":"suspension-helw-black","status":"publish","type":"product","link":"https:\/\/lumino.ma\/en\/suspension-helw-black\/","title":{"rendered":"Suspension HELW BLACK"},"content":{"rendered":"","protected":false},"excerpt":{"rendered":"<p>Cette\u00a0 nouvelle suspension a\u00a0 un style lumineux qui va vous donner envie de changer la lumi\u00e8re \u00e0 tous les \u00e9tages !\u00a0\u00a0Cette suspension g\u00e9n\u00e8re une intensit\u00e9 lumineuse de 800 lumens.<\/p>\n","protected":false},"featured_media":6233,"template":"","meta":{"_monsterinsights_skip_tracking":false,"_monsterinsights_sitenote_active":false,"_monsterinsights_sitenote_note":"","_monsterinsights_sitenote_category":0,"_joinchat":[]},"product_brand":[],"product_cat":[138,40,38],"product_tag":[],"class_list":{"0":"post-6231","1":"product","2":"type-product","3":"status-publish","4":"has-post-thumbnail","6":"product_cat-nouvelle-collection","7":"product_cat-promo","8":"product_cat-suspensions-luminaires","10":"first","11":"instock","12":"sale","13":"shipping-taxable","14":"purchasable","15":"product-type-simple"},"_links":{"self":[{"href":"https:\/\/lumino.ma\/en\/wp-json\/wp\/v2\/product\/6231","targetHints":{"allow":["GET"]}}],"collection":[{"href":"https:\/\/lumino.ma\/en\/wp-json\/wp\/v2\/product"}],"about":[{"href":"https:\/\/lumino.ma\/en\/wp-json\/wp\/v2\/types\/product"}],"wp:featuredmedia":[{"embeddable":true,"href":"https:\/\/lumino.ma\/en\/wp-json\/wp\/v2\/media\/6233"}],"wp:attachment":[{"href":"https:\/\/lumino.ma\/en\/wp-json\/wp\/v2\/media?parent=6231"}],"wp:term":[{"taxonomy":"product_brand","embeddable":true,"href":"https:\/\/lumino.ma\/en\/wp-json\/wp\/v2\/product_brand?post=6231"},{"taxonomy":"product_cat","embeddable":true,"href":"https:\/\/lumino.ma\/en\/wp-json\/wp\/v2\/product_cat?post=6231"},{"taxonomy":"product_tag","embeddable":true,"href":"https:\/\/lumino.ma\/en\/wp-json\/wp\/v2\/product_tag?post=6231"}],"curies":[{"name":"wp","href":"https:\/\/api.w.org\/{rel}","templated":true}]}}