{"id":6762,"date":"2024-12-09T23:41:26","date_gmt":"2024-12-09T22:41:26","guid":{"rendered":"https:\/\/lumino.ma\/?post_type=product&#038;p=6762"},"modified":"2025-12-20T21:22:53","modified_gmt":"2025-12-20T20:22:53","slug":"suspension-led-rondelles","status":"publish","type":"product","link":"https:\/\/lumino.ma\/en\/suspension-led-rondelles\/","title":{"rendered":"Suspension LED rondelles"},"content":{"rendered":"","protected":false},"excerpt":{"rendered":"<div id=\"ivTitle\" title=\"SYUFRE LED suspension table \u00e0 manger dimmable suspension 6 anneaux suspension pivotante dimmable \u00e0 distance or aluminium Design lampe suspension hauteur r\u00e9glable (gris) (Color : Or)\">Suspension LED\u00a0 en rondelles avec un Design moderne.<\/div>\n<div id=\"ivVariationSelection\"><\/div>\n<div id=\"ivThumbs\">\n<div class=\"ivRow\">\n<div id=\"ivImage_0\" class=\"ivThumb\" data-csa-c-type=\"item\" data-csa-c-component=\"imageBlock\" data-csa-c-content-id=\"image-block-immersive-view-alt-image\" data-csa-c-posy=\"1\" data-csa-c-id=\"zh50uh-89q3qi-cf3k2s-qq0aec\"><\/div>\n<\/div>\n<\/div>\n","protected":false},"featured_media":6766,"template":"","meta":{"_monsterinsights_skip_tracking":false,"_monsterinsights_sitenote_active":false,"_monsterinsights_sitenote_note":"","_monsterinsights_sitenote_category":0,"_joinchat":[]},"product_brand":[],"product_cat":[138,40,38],"product_tag":[],"class_list":{"0":"post-6762","1":"product","2":"type-product","3":"status-publish","4":"has-post-thumbnail","6":"product_cat-nouvelle-collection","7":"product_cat-promo","8":"product_cat-suspensions-luminaires","10":"first","11":"instock","12":"sale","13":"shipping-taxable","14":"purchasable","15":"product-type-simple"},"_links":{"self":[{"href":"https:\/\/lumino.ma\/en\/wp-json\/wp\/v2\/product\/6762","targetHints":{"allow":["GET"]}}],"collection":[{"href":"https:\/\/lumino.ma\/en\/wp-json\/wp\/v2\/product"}],"about":[{"href":"https:\/\/lumino.ma\/en\/wp-json\/wp\/v2\/types\/product"}],"wp:featuredmedia":[{"embeddable":true,"href":"https:\/\/lumino.ma\/en\/wp-json\/wp\/v2\/media\/6766"}],"wp:attachment":[{"href":"https:\/\/lumino.ma\/en\/wp-json\/wp\/v2\/media?parent=6762"}],"wp:term":[{"taxonomy":"product_brand","embeddable":true,"href":"https:\/\/lumino.ma\/en\/wp-json\/wp\/v2\/product_brand?post=6762"},{"taxonomy":"product_cat","embeddable":true,"href":"https:\/\/lumino.ma\/en\/wp-json\/wp\/v2\/product_cat?post=6762"},{"taxonomy":"product_tag","embeddable":true,"href":"https:\/\/lumino.ma\/en\/wp-json\/wp\/v2\/product_tag?post=6762"}],"curies":[{"name":"wp","href":"https:\/\/api.w.org\/{rel}","templated":true}]}}