{"id":6805,"date":"2025-04-24T16:00:11","date_gmt":"2025-04-24T15:00:11","guid":{"rendered":"https:\/\/lumino.ma\/?post_type=product&#038;p=6805"},"modified":"2026-01-03T11:11:16","modified_gmt":"2026-01-03T10:11:16","slug":"plafonnier-led-ventilateur-avec-telecommande","status":"publish","type":"product","link":"https:\/\/lumino.ma\/en\/plafonnier-led-ventilateur-avec-telecommande\/","title":{"rendered":"Plafonnier LED Ventilateur avec telecommande"},"content":{"rendered":"<h3 data-start=\"216\" data-end=\"278\"><strong data-start=\"220\" data-end=\"278\">Plafonnier LED Ventilateur avec t\u00e9l\u00e9commande \u2013 \u00c9l\u00e9gance &amp; Fraicheur<\/strong><\/h3>\n<p>Plafonnier ventilateur \u00e0 3 pales d&#8217;un diam\u00e8tre de 108 cm avec pales ouvertes incorporant un moteur DC ultra-silencieux de 35 W et 6 vitesses. Avec \u00e9clairage LED int\u00e9gr\u00e9 de 55W et 5000lm. Id\u00e9al pour les grandes pi\u00e8ces (&lt;25m2).<\/p>\n<table class=\"font-md\">\n<tbody>\n<tr>\n<th>Puissance<\/th>\n<td>36W<\/td>\n<\/tr>\n<tr>\n<th>Tension d?entr\u00e9e<\/th>\n<td>230V<\/td>\n<\/tr>\n<tr>\n<th>Angle<\/th>\n<td>120<\/td>\n<\/tr>\n<tr>\n<th>Lumen<\/th>\n<td>3600lm<\/td>\n<\/tr>\n<tr>\n<th>Temp\u00e9rature de couleur<\/th>\n<td>3000K\/4000K\/6000K<\/td>\n<\/tr>\n<tr>\n<th>Programmable<\/th>\n<td>oui<\/td>\n<\/tr>\n<tr>\n<th>Hiver-\u00e9t\u00e9<\/th>\n<td>oui<\/td>\n<\/tr>\n<tr>\n<th>Surface recommand\u00e9e<\/th>\n<td>moins de\u00a0 25m2<\/td>\n<\/tr>\n<tr>\n<th>N. de pales<\/th>\n<td>3<\/td>\n<\/tr>\n<tr>\n<th>Nombre de vitesses<\/th>\n<td>6<\/td>\n<\/tr>\n<tr>\n<th>Type de moteur<\/th>\n<td>DC<\/td>\n<\/tr>\n<tr>\n<th>Puissance du moteur (W)(Max)<\/th>\n<td>35<\/td>\n<\/tr>\n<tr>\n<th>RPM (Max)<\/th>\n<td>245<\/td>\n<\/tr>\n<tr>\n<th>D\u00e9bit d&#8217;air (m3\/h)(Max)<\/th>\n<td>7000<\/td>\n<\/tr>\n<tr>\n<th>Niveau sonore (db)(Max)<\/th>\n<td>45<\/td>\n<\/tr>\n<tr>\n<th>Angle d&#8217;inclinaison<\/th>\n<td>15\u00ba<\/td>\n<\/tr>\n<tr>\n<th>Hauteur du produit (mm)<\/th>\n<td>340<\/td>\n<\/tr>\n<tr>\n<th>Poids net (kg)<\/th>\n<td>6<\/td>\n<\/tr>\n<tr>\n<th>Diam\u00e8tre<\/th>\n<td>460<\/td>\n<\/tr>\n<tr>\n<th>Diam\u00e8tre total<\/th>\n<td>1.080 cm<\/td>\n<\/tr>\n<\/tbody>\n<\/table>\n<p>&nbsp;<\/p>\n","protected":false},"excerpt":{"rendered":"<p>Plafonnier Ventilateur 2-en-1 \u2013 \u00c9clairage &amp; Fra\u00eecheur \u00c9l\u00e9gante pour Votre Int\u00e9rieur, r\u00e9glable avec t\u00e9l\u00e9commande.<\/p>\n","protected":false},"featured_media":6814,"template":"","meta":{"_monsterinsights_skip_tracking":false,"_monsterinsights_sitenote_active":false,"_monsterinsights_sitenote_note":"","_monsterinsights_sitenote_category":0,"_joinchat":[]},"product_brand":[],"product_cat":[138,54,40],"product_tag":[200,201,182,183,187,186,185,184],"class_list":{"0":"post-6805","1":"product","2":"type-product","3":"status-publish","4":"has-post-thumbnail","6":"product_cat-nouvelle-collection","7":"product_cat-plafonnier","8":"product_cat-promo","9":"product_tag-luminaire","10":"product_tag-plafonnier","11":"product_tag-182","12":"product_tag-183","13":"product_tag-187","14":"product_tag-186","15":"product_tag-185","16":"product_tag-184","18":"first","19":"outofstock","20":"sale","21":"shipping-taxable","22":"purchasable","23":"product-type-simple"},"_links":{"self":[{"href":"https:\/\/lumino.ma\/en\/wp-json\/wp\/v2\/product\/6805","targetHints":{"allow":["GET"]}}],"collection":[{"href":"https:\/\/lumino.ma\/en\/wp-json\/wp\/v2\/product"}],"about":[{"href":"https:\/\/lumino.ma\/en\/wp-json\/wp\/v2\/types\/product"}],"wp:featuredmedia":[{"embeddable":true,"href":"https:\/\/lumino.ma\/en\/wp-json\/wp\/v2\/media\/6814"}],"wp:attachment":[{"href":"https:\/\/lumino.ma\/en\/wp-json\/wp\/v2\/media?parent=6805"}],"wp:term":[{"taxonomy":"product_brand","embeddable":true,"href":"https:\/\/lumino.ma\/en\/wp-json\/wp\/v2\/product_brand?post=6805"},{"taxonomy":"product_cat","embeddable":true,"href":"https:\/\/lumino.ma\/en\/wp-json\/wp\/v2\/product_cat?post=6805"},{"taxonomy":"product_tag","embeddable":true,"href":"https:\/\/lumino.ma\/en\/wp-json\/wp\/v2\/product_tag?post=6805"}],"curies":[{"name":"wp","href":"https:\/\/api.w.org\/{rel}","templated":true}]}}