{"id":6875,"date":"2025-05-14T21:17:12","date_gmt":"2025-05-14T20:17:12","guid":{"rendered":"https:\/\/lumino.ma\/?post_type=product&#038;p=6875"},"modified":"2025-12-20T21:21:35","modified_gmt":"2025-12-20T20:21:35","slug":"suspension-luminaire-t-design","status":"publish","type":"product","link":"https:\/\/lumino.ma\/en\/suspension-luminaire-t-design\/","title":{"rendered":"Suspension Luminaire T Design"},"content":{"rendered":"<h3 data-start=\"157\" data-end=\"235\"><strong data-start=\"157\" data-end=\"235\">Suspension Luminaire T Design \u2013 \u00c9l\u00e9gance et modernit\u00e9 pour votre int\u00e9rieur<\/strong><\/h3>\n<p data-start=\"237\" data-end=\"574\">Apportez une touche de raffinement \u00e0 votre espace avec la <strong data-start=\"295\" data-end=\"328\">Suspension Luminaire T Design<\/strong>, une pi\u00e8ce ma\u00eetresse qui allie sobri\u00e9t\u00e9 contemporaine et design \u00e9pur\u00e9. Parfaite pour illuminer votre salon, salle \u00e0 manger ou bureau, cette suspension se distingue par ses lignes minimalistes en forme de T, offrant une lumi\u00e8re douce et homog\u00e8ne.<\/p>\n<p data-start=\"576\" data-end=\"858\">Fabriqu\u00e9e avec des mat\u00e9riaux de haute qualit\u00e9, elle s&#8217;int\u00e8gre facilement dans tous les styles de d\u00e9coration int\u00e9rieure, du plus moderne au plus classique. Gr\u00e2ce \u00e0 son installation simple et sa finition soign\u00e9e, elle devient rapidement un \u00e9l\u00e9ment central de votre ambiance lumineuse.<\/p>\n<p data-start=\"860\" data-end=\"894\"><strong data-start=\"860\" data-end=\"894\">Caract\u00e9ristiques principales :<\/strong><\/p>\n<ul data-start=\"895\" data-end=\"1084\">\n<li data-start=\"895\" data-end=\"925\">\n<p data-start=\"897\" data-end=\"925\">Design moderne<\/p>\n<\/li>\n<li data-start=\"926\" data-end=\"967\">\n<p data-start=\"928\" data-end=\"967\">Mat\u00e9riaux durables et finition \u00e9l\u00e9gante<\/p>\n<\/li>\n<li data-start=\"968\" data-end=\"1020\">\n<p data-start=\"970\" data-end=\"1020\">Id\u00e9ale pour espaces r\u00e9sidentiels ou professionnels<\/p>\n<\/li>\n<li data-start=\"1021\" data-end=\"1053\">\n<p data-start=\"1023\" data-end=\"1053\">Installation facile au plafond<\/p>\n<\/li>\n<li data-start=\"1054\" data-end=\"1084\">\n<p data-start=\"1056\" data-end=\"1084\">Compatible avec ampoules LED<\/p>\n<\/li>\n<li data-start=\"1054\" data-end=\"1084\">\n<p data-start=\"1056\" data-end=\"1084\"><em><strong>NB : Le prix indiqu\u00e9 pour une seule suspension de choix (pour avoir les trois, le prix est multiplier par 3).\u00a0<\/strong><\/em><\/p>\n<\/li>\n<li data-start=\"1054\" data-end=\"1084\"><em><strong>NB\u00a0: L&#8217;ampoule\u00a0n&#8217;est\u00a0 incluse dans le produit.\u00a0<\/strong><\/em><\/li>\n<\/ul>\n","protected":false},"excerpt":{"rendered":"<h5 id=\"tw-target-text\" class=\"tw-data-text tw-text-large tw-ta\" dir=\"ltr\" data-placeholder=\"Translation\" data-ved=\"2ahUKEwjmvtTT5aONAxUwTKQEHf73G7UQ3ewLegQICRAV\" aria-label=\"Translated text: \u00c0 propos de cet article Procure une lumi\u00e8re naturelle et prot\u00e8ge les yeux de votre famille des reflets. La lumi\u00e8re offre une luminosit\u00e9 suffisante et est plus saine pour vos yeux. Elle cr\u00e9e une atmosph\u00e8re moderne et chaleureuse. Son design unique est empreint d'une touche d'art moderne. Id\u00e9al pour une chambre, un salon, un bureau, une salle \u00e0 manger, une cuisine et bien d'autres applications commerciales ou r\u00e9sidentielles. Installation facile\u00a0: Ce lustre en cristal moderne est livr\u00e9 avec tout le mat\u00e9riel et les instructions pour une installation rapide et facile. Mat\u00e9riaux de haute qualit\u00e9\u00a0: Un proc\u00e9d\u00e9 de d\u00e9coupe exceptionnel permet de parfaire l'effet lumineux de la barre de cristal. L'utilisation de mat\u00e9riaux en acier inoxydable plaqu\u00e9 or rend le lustre en cristal brillant et facile \u00e0 nettoyer.\">Ajoutez une touche de style et de modernit\u00e9 \u00e0 votre int\u00e9rieur avec la <strong data-start=\"1156\" data-end=\"1189\">Suspension Luminaire T Design<\/strong>, disponible d\u00e8s maintenant sur notre boutique en ligne.<\/h5>\n","protected":false},"featured_media":6878,"template":"","meta":{"_monsterinsights_skip_tracking":false,"_monsterinsights_sitenote_active":false,"_monsterinsights_sitenote_note":"","_monsterinsights_sitenote_category":0,"_joinchat":[]},"product_brand":[],"product_cat":[138,40,38],"product_tag":[200,198],"class_list":{"0":"post-6875","1":"product","2":"type-product","3":"status-publish","4":"has-post-thumbnail","6":"product_cat-nouvelle-collection","7":"product_cat-promo","8":"product_cat-suspensions-luminaires","9":"product_tag-luminaire","10":"product_tag-suspension-luminaire","12":"first","13":"outofstock","14":"sale","15":"shipping-taxable","16":"purchasable","17":"product-type-simple"},"_links":{"self":[{"href":"https:\/\/lumino.ma\/en\/wp-json\/wp\/v2\/product\/6875","targetHints":{"allow":["GET"]}}],"collection":[{"href":"https:\/\/lumino.ma\/en\/wp-json\/wp\/v2\/product"}],"about":[{"href":"https:\/\/lumino.ma\/en\/wp-json\/wp\/v2\/types\/product"}],"wp:featuredmedia":[{"embeddable":true,"href":"https:\/\/lumino.ma\/en\/wp-json\/wp\/v2\/media\/6878"}],"wp:attachment":[{"href":"https:\/\/lumino.ma\/en\/wp-json\/wp\/v2\/media?parent=6875"}],"wp:term":[{"taxonomy":"product_brand","embeddable":true,"href":"https:\/\/lumino.ma\/en\/wp-json\/wp\/v2\/product_brand?post=6875"},{"taxonomy":"product_cat","embeddable":true,"href":"https:\/\/lumino.ma\/en\/wp-json\/wp\/v2\/product_cat?post=6875"},{"taxonomy":"product_tag","embeddable":true,"href":"https:\/\/lumino.ma\/en\/wp-json\/wp\/v2\/product_tag?post=6875"}],"curies":[{"name":"wp","href":"https:\/\/api.w.org\/{rel}","templated":true}]}}