{"id":6885,"date":"2025-05-23T10:24:34","date_gmt":"2025-05-23T09:24:34","guid":{"rendered":"https:\/\/lumino.ma\/?post_type=product&#038;p=6885"},"modified":"2025-12-20T21:21:20","modified_gmt":"2025-12-20T20:21:20","slug":"applique-led-2f","status":"publish","type":"product","link":"https:\/\/lumino.ma\/en\/applique-led-2f\/","title":{"rendered":"Applique Led 2F"},"content":{"rendered":"","protected":false},"excerpt":{"rendered":"<p class=\"tw-data-text tw-text-large tw-ta\" dir=\"ltr\" data-placeholder=\"Translation\" data-ved=\"2ahUKEwjV3I-uj9qJAxWKT6QEHZ1NJfkQ3ewLegQIDBAU\" aria-label=\"Translated text: 1. La lampe d'installation de l'applique murale est fabriqu\u00e9e en aluminium et en ABS. 2. \u00c9clairage doux sans \u00e9blouissement, cr\u00e9ant une exp\u00e9rience d'\u00e9clairage confortable. Vous pouvez les utiliser pour d\u00e9corer votre chambre selon vos propres sentiments. 3. Facile \u00e0 installer, style minimaliste, ajoutant plus d'\u00e9clairage \u00e0 la pi\u00e8ce ! Ajoutez une atmosph\u00e8re chaleureuse \u00e0 votre maison, il peut \u00eatre facilement appliqu\u00e9 \u00e0 diff\u00e9rents styles de d\u00e9coration d'int\u00e9rieur. 4. Lieux largement applicables : les appliques murales conviennent aux chambres, aux salons, aux couloirs, aux escaliers, aux restaurants, aux cuisines, aux couloirs, aux serres et aux t\u00eates de lit. 5. \u00c9conomie d'\u00e9nergie et longue dur\u00e9e de vie.\"><span class=\"Y2IQFc\" lang=\"fr\">L&#8217;applique Led 2F a un \u00e9clairage doux sans \u00e9blouissement, cr\u00e9ant une exp\u00e9rience d&#8217;\u00e9clairage confortable avec un <\/span>style minimaliste.<\/p>\n<p id=\"tw-target-text\" class=\"tw-data-text tw-text-large tw-ta\" dir=\"ltr\" data-placeholder=\"Translation\" data-ved=\"2ahUKEwjV3I-uj9qJAxWKT6QEHZ1NJfkQ3ewLegQIDBAU\" aria-label=\"Translated text: 1. La lampe d'installation de l'applique murale est fabriqu\u00e9e en aluminium et en ABS. 2. \u00c9clairage doux sans \u00e9blouissement, cr\u00e9ant une exp\u00e9rience d'\u00e9clairage confortable. Vous pouvez les utiliser pour d\u00e9corer votre chambre selon vos propres sentiments. 3. Facile \u00e0 installer, style minimaliste, ajoutant plus d'\u00e9clairage \u00e0 la pi\u00e8ce ! Ajoutez une atmosph\u00e8re chaleureuse \u00e0 votre maison, il peut \u00eatre facilement appliqu\u00e9 \u00e0 diff\u00e9rents styles de d\u00e9coration d'int\u00e9rieur. 4. Lieux largement applicables : les appliques murales conviennent aux chambres, aux salons, aux couloirs, aux escaliers, aux restaurants, aux cuisines, aux couloirs, aux serres et aux t\u00eates de lit. 5. \u00c9conomie d'\u00e9nergie et longue dur\u00e9e de vie.\"><span class=\"Y2IQFc\" lang=\"fr\">Facile \u00e0 installer.<\/span><\/p>\n","protected":false},"featured_media":6891,"template":"","meta":{"_monsterinsights_skip_tracking":false,"_monsterinsights_sitenote_active":false,"_monsterinsights_sitenote_note":"","_monsterinsights_sitenote_category":0,"_joinchat":[]},"product_brand":[],"product_cat":[50,138,40],"product_tag":[],"class_list":{"0":"post-6885","1":"product","2":"type-product","3":"status-publish","4":"has-post-thumbnail","6":"product_cat-appliques-murales","7":"product_cat-nouvelle-collection","8":"product_cat-promo","10":"first","11":"instock","12":"sale","13":"shipping-taxable","14":"purchasable","15":"product-type-simple"},"_links":{"self":[{"href":"https:\/\/lumino.ma\/en\/wp-json\/wp\/v2\/product\/6885","targetHints":{"allow":["GET"]}}],"collection":[{"href":"https:\/\/lumino.ma\/en\/wp-json\/wp\/v2\/product"}],"about":[{"href":"https:\/\/lumino.ma\/en\/wp-json\/wp\/v2\/types\/product"}],"wp:featuredmedia":[{"embeddable":true,"href":"https:\/\/lumino.ma\/en\/wp-json\/wp\/v2\/media\/6891"}],"wp:attachment":[{"href":"https:\/\/lumino.ma\/en\/wp-json\/wp\/v2\/media?parent=6885"}],"wp:term":[{"taxonomy":"product_brand","embeddable":true,"href":"https:\/\/lumino.ma\/en\/wp-json\/wp\/v2\/product_brand?post=6885"},{"taxonomy":"product_cat","embeddable":true,"href":"https:\/\/lumino.ma\/en\/wp-json\/wp\/v2\/product_cat?post=6885"},{"taxonomy":"product_tag","embeddable":true,"href":"https:\/\/lumino.ma\/en\/wp-json\/wp\/v2\/product_tag?post=6885"}],"curies":[{"name":"wp","href":"https:\/\/api.w.org\/{rel}","templated":true}]}}